{"id":10879,"date":"2024-01-10T15:19:30","date_gmt":"2024-01-10T12:19:30","guid":{"rendered":"https:\/\/ipektasyalitim.com\/sepet\/"},"modified":"2024-01-10T15:19:30","modified_gmt":"2024-01-10T12:19:30","slug":"sepet","status":"publish","type":"page","link":"https:\/\/ipektasyalitim.com\/en\/sepet\/","title":{"rendered":"Sepet"},"content":{"rendered":"<div data-block-name=\"woocommerce\/cart\" class=\"wp-block-woocommerce-cart alignwide is-loading\"><div data-block-name=\"woocommerce\/filled-cart-block\" class=\"wp-block-woocommerce-filled-cart-block\"><div data-block-name=\"woocommerce\/cart-items-block\" class=\"wp-block-woocommerce-cart-items-block\"><div data-block-name=\"woocommerce\/cart-line-items-block\" class=\"wp-block-woocommerce-cart-line-items-block\"><\/div>\n\n<div data-block-name=\"woocommerce\/cart-cross-sells-block\" class=\"wp-block-woocommerce-cart-cross-sells-block\">\n<h2 class=\"wp-block-heading has-large-font-size\">\u0130lginizi \u00e7ekebilir\u2026<\/h2>\n\n\n<div data-block-name=\"woocommerce\/cart-cross-sells-products-block\" class=\"wp-block-woocommerce-cart-cross-sells-products-block\"><\/div><\/div><\/div>\n\n<div data-block-name=\"woocommerce\/cart-totals-block\" class=\"wp-block-woocommerce-cart-totals-block\"><div data-block-name=\"woocommerce\/cart-order-summary-block\" class=\"wp-block-woocommerce-cart-order-summary-block\"><div data-block-name=\"woocommerce\/cart-order-summary-heading-block\" class=\"wp-block-woocommerce-cart-order-summary-heading-block\"><\/div>\n\n<div data-block-name=\"woocommerce\/cart-order-summary-coupon-form-block\" class=\"wp-block-woocommerce-cart-order-summary-coupon-form-block\"><\/div>\n\n<div data-block-name=\"woocommerce\/cart-order-summary-subtotal-block\" class=\"wp-block-woocommerce-cart-order-summary-subtotal-block\"><\/div>\n\n<div data-block-name=\"woocommerce\/cart-order-summary-fee-block\" class=\"wp-block-woocommerce-cart-order-summary-fee-block\"><\/div>\n\n<div data-block-name=\"woocommerce\/cart-order-summary-discount-block\" class=\"wp-block-woocommerce-cart-order-summary-discount-block\"><\/div>\n\n<div data-block-name=\"woocommerce\/cart-order-summary-shipping-block\" class=\"wp-block-woocommerce-cart-order-summary-shipping-block\"><\/div>\n\n<div data-block-name=\"woocommerce\/cart-order-summary-taxes-block\" class=\"wp-block-woocommerce-cart-order-summary-taxes-block\"><\/div><\/div>\n\n<div data-block-name=\"woocommerce\/cart-express-payment-block\" class=\"wp-block-woocommerce-cart-express-payment-block\"><\/div>\n\n<div data-block-name=\"woocommerce\/proceed-to-checkout-block\" class=\"wp-block-woocommerce-proceed-to-checkout-block\"><\/div>\n\n<div data-block-name=\"woocommerce\/cart-accepted-payment-methods-block\" class=\"wp-block-woocommerce-cart-accepted-payment-methods-block\"><\/div><\/div><\/div>\n\n<div data-block-name=\"woocommerce\/empty-cart-block\" class=\"wp-block-woocommerce-empty-cart-block\">\n<h2 class=\"wp-block-heading has-text-align-center with-empty-cart-icon wc-block-cart__empty-cart__title\">Sepetiniz \u015fu anda bo\u015f!<\/h2>\n\n\n\n<hr class=\"wp-block-separator has-alpha-channel-opacity is-style-dots\"\/>\n\n\n\n<h2 class=\"wp-block-heading has-text-align-center\">Ma\u011fazada yeni<\/h2>\n\n\n<div data-block-name=\"woocommerce\/product-new\" data-columns=\"4\" data-rows=\"1\" class=\"wc-block-grid wp-block-product-new wc-block-product-new has-4-columns\"><ul class=\"wc-block-grid__products\"><li class=\"wc-block-grid__product\">\n\t\t\t\t<a href=\"https:\/\/ipektasyalitim.com\/en\/product\/fibercement\/\" class=\"wc-block-grid__product-link\">\n\t\t\t\t\t\n\t\t\t\t\t<div class=\"wc-block-grid__product-image\"><img decoding=\"async\" width=\"300\" height=\"300\" src=\"https:\/\/ipektasyalitim.com\/wp-content\/uploads\/2024\/01\/1704962436623-300x300.jpg\" class=\"attachment-woocommerce_thumbnail size-woocommerce_thumbnail\" alt=\"F\u0130BER\u00c7\u0130MENTO Levhalar | D\u0131\u015f Cephe Kaplama \u00dcr\u00fcnleri\" srcset=\"https:\/\/ipektasyalitim.com\/wp-content\/uploads\/2024\/01\/1704962436623-300x300.jpg 300w, https:\/\/ipektasyalitim.com\/wp-content\/uploads\/2024\/01\/1704962436623-150x150.jpg 150w, https:\/\/ipektasyalitim.com\/wp-content\/uploads\/2024\/01\/1704962436623-12x12.jpg 12w, https:\/\/ipektasyalitim.com\/wp-content\/uploads\/2024\/01\/1704962436623-600x600.jpg 600w, https:\/\/ipektasyalitim.com\/wp-content\/uploads\/2024\/01\/1704962436623.jpg 800w\" sizes=\"(max-width: 300px) 100vw, 300px\" itemprop=\"image\" \/><\/div>\n\t\t\t\t\t<div class=\"wc-block-grid__product-title\">F\u0130BER\u00c7\u0130MENTO Levhalar | D\u0131\u015f Cephe Kaplama \u00dcr\u00fcnleri<\/div>\n\t\t\t\t<\/a>\n\t\t\t\t<div class=\"wc-block-grid__product-price price\"><\/div>\n\t\t\t\t\n\t\t\t\t<div class=\"wp-block-button wc-block-grid__product-add-to-cart\"><a href=\"https:\/\/ipektasyalitim.com\/en\/product\/fibercement\/\" aria-label=\"Read more about \u201cF\u0130BER\u00c7\u0130MENTO Levhalar | D\u0131\u015f Cephe Kaplama \u00dcr\u00fcnleri\u201d\" data-quantity=\"1\" data-product_id=\"10975\" data-product_sku=\"\" data-price=\"0\" rel=\"nofollow\" class=\"wp-block-button__link  add_to_cart_button\" data-no-translation=\"\" data-trp-gettext=\"\" data-no-translation-aria-label=\"\">Read more<\/a><\/div>\n\t\t\t<\/li><li class=\"wc-block-grid__product\">\n\t\t\t\t<a href=\"https:\/\/ipektasyalitim.com\/en\/product\/ankraj-lamalari\/\" class=\"wc-block-grid__product-link\">\n\t\t\t\t\t\n\t\t\t\t\t<div class=\"wc-block-grid__product-image\"><img decoding=\"async\" width=\"300\" height=\"300\" src=\"data:image\/svg+xml;charset=utf-8,%3Csvg xmlns%3D&#039;http%3A%2F%2Fwww.w3.org%2F2000%2Fsvg&#039; viewBox%3D&#039;0 0 300 300&#039;%2F%3E\" class=\"attachment-woocommerce_thumbnail size-woocommerce_thumbnail ld-lazyload\" alt=\"Ankraj Lamalar\u0131 |  Ankraj Lama Kolay Uygulama\" itemprop=\"image\" data-src=\"https:\/\/ipektasyalitim.com\/wp-content\/uploads\/2023\/11\/20200101-142646-300x300.webp\" data-srcset=\"https:\/\/ipektasyalitim.com\/wp-content\/uploads\/2023\/11\/20200101-142646-300x300.webp 300w, https:\/\/ipektasyalitim.com\/wp-content\/uploads\/2023\/11\/20200101-142646-150x150.webp 150w\" data-sizes=\"(max-width: 300px) 100vw, 300px\" data-aspect=\"1\" \/><\/div>\n\t\t\t\t\t<div class=\"wc-block-grid__product-title\">Ankraj Lamalar\u0131 |  Ankraj Lama Kolay Uygulama<\/div>\n\t\t\t\t<\/a>\n\t\t\t\t<div class=\"wc-block-grid__product-price price\"><\/div>\n\t\t\t\t\n\t\t\t\t<div class=\"wp-block-button wc-block-grid__product-add-to-cart\"><a href=\"https:\/\/ipektasyalitim.com\/en\/product\/ankraj-lamalari\/\" aria-label=\"Read more about \u201cAnkraj Lamalar\u0131 |  Ankraj Lama Kolay Uygulama\u201d\" data-quantity=\"1\" data-product_id=\"10959\" data-product_sku=\"\" data-price=\"0\" rel=\"nofollow\" class=\"wp-block-button__link  add_to_cart_button\" data-no-translation=\"\" data-trp-gettext=\"\" data-no-translation-aria-label=\"\">Read more<\/a><\/div>\n\t\t\t<\/li><li class=\"wc-block-grid__product\">\n\t\t\t\t<a href=\"https:\/\/ipektasyalitim.com\/en\/product\/dcc-profilleri\/\" class=\"wc-block-grid__product-link\">\n\t\t\t\t\t\n\t\t\t\t\t<div class=\"wc-block-grid__product-image\"><img decoding=\"async\" width=\"300\" height=\"300\" src=\"data:image\/svg+xml;charset=utf-8,%3Csvg xmlns%3D&#039;http%3A%2F%2Fwww.w3.org%2F2000%2Fsvg&#039; viewBox%3D&#039;0 0 300 300&#039;%2F%3E\" class=\"attachment-woocommerce_thumbnail size-woocommerce_thumbnail ld-lazyload\" alt=\"DCC Profilleri | D\u0131\u015f Cephe | Hafif G\u00fc\u00e7l\u00fc DCC Profil\" itemprop=\"image\" data-src=\"https:\/\/ipektasyalitim.com\/wp-content\/uploads\/2023\/11\/68576f-dcc-75-profili-300x300.png\" data-srcset=\"https:\/\/ipektasyalitim.com\/wp-content\/uploads\/2023\/11\/68576f-dcc-75-profili-300x300.png 300w, https:\/\/ipektasyalitim.com\/wp-content\/uploads\/2023\/11\/68576f-dcc-75-profili-150x150.png 150w\" data-sizes=\"(max-width: 300px) 100vw, 300px\" data-aspect=\"1\" \/><\/div>\n\t\t\t\t\t<div class=\"wc-block-grid__product-title\">DCC Profilleri | D\u0131\u015f Cephe | Hafif G\u00fc\u00e7l\u00fc DCC Profil<\/div>\n\t\t\t\t<\/a>\n\t\t\t\t<div class=\"wc-block-grid__product-price price\"><\/div>\n\t\t\t\t\n\t\t\t\t<div class=\"wp-block-button wc-block-grid__product-add-to-cart\"><a href=\"https:\/\/ipektasyalitim.com\/en\/product\/dcc-profilleri\/\" aria-label=\"Read more about \u201cDCC Profilleri | D\u0131\u015f Cephe | Hafif G\u00fc\u00e7l\u00fc DCC Profil\u201d\" data-quantity=\"1\" data-product_id=\"10958\" data-product_sku=\"\" data-price=\"0\" rel=\"nofollow\" class=\"wp-block-button__link  add_to_cart_button\" data-no-translation=\"\" data-trp-gettext=\"\" data-no-translation-aria-label=\"\">Read more<\/a><\/div>\n\t\t\t<\/li><li class=\"wc-block-grid__product\">\n\t\t\t\t<a href=\"https:\/\/ipektasyalitim.com\/en\/product\/duvar-u-profilleri\/\" class=\"wc-block-grid__product-link\">\n\t\t\t\t\t\n\t\t\t\t\t<div class=\"wc-block-grid__product-image\"><img decoding=\"async\" width=\"300\" height=\"300\" src=\"data:image\/svg+xml;charset=utf-8,%3Csvg xmlns%3D&#039;http%3A%2F%2Fwww.w3.org%2F2000%2Fsvg&#039; viewBox%3D&#039;0 0 300 300&#039;%2F%3E\" class=\"attachment-woocommerce_thumbnail size-woocommerce_thumbnail ld-lazyload\" alt=\"Duvar U Profilleri | Al\u00e7\u0131pan Duvarlar\u0131n\u0131z i\u00e7in G\u00fc\u00e7l\u00fc ve Estetik Temel\" itemprop=\"image\" data-src=\"https:\/\/ipektasyalitim.com\/wp-content\/uploads\/2023\/11\/tavan-c-alcipan-profili-00109-1100x1100-1-300x300.jpg\" data-srcset=\"https:\/\/ipektasyalitim.com\/wp-content\/uploads\/2023\/11\/tavan-c-alcipan-profili-00109-1100x1100-1-300x300.jpg 300w, https:\/\/ipektasyalitim.com\/wp-content\/uploads\/2023\/11\/tavan-c-alcipan-profili-00109-1100x1100-1-1024x1024.jpg 1024w, https:\/\/ipektasyalitim.com\/wp-content\/uploads\/2023\/11\/tavan-c-alcipan-profili-00109-1100x1100-1-150x150.jpg 150w, https:\/\/ipektasyalitim.com\/wp-content\/uploads\/2023\/11\/tavan-c-alcipan-profili-00109-1100x1100-1-12x12.jpg 12w, https:\/\/ipektasyalitim.com\/wp-content\/uploads\/2023\/11\/tavan-c-alcipan-profili-00109-1100x1100-1-600x600.jpg 600w, https:\/\/ipektasyalitim.com\/wp-content\/uploads\/2023\/11\/tavan-c-alcipan-profili-00109-1100x1100-1.jpg 1100w\" data-sizes=\"(max-width: 300px) 100vw, 300px\" data-aspect=\"1\" \/><\/div>\n\t\t\t\t\t<div class=\"wc-block-grid__product-title\">Duvar U Profilleri | Al\u00e7\u0131pan Duvarlar\u0131n\u0131z i\u00e7in G\u00fc\u00e7l\u00fc ve Estetik Temel<\/div>\n\t\t\t\t<\/a>\n\t\t\t\t<div class=\"wc-block-grid__product-price price\"><\/div>\n\t\t\t\t\n\t\t\t\t<div class=\"wp-block-button wc-block-grid__product-add-to-cart\"><a href=\"https:\/\/ipektasyalitim.com\/en\/product\/duvar-u-profilleri\/\" aria-label=\"Read more about \u201cDuvar U Profilleri | Al\u00e7\u0131pan Duvarlar\u0131n\u0131z i\u00e7in G\u00fc\u00e7l\u00fc ve Estetik Temel\u201d\" data-quantity=\"1\" data-product_id=\"10957\" data-product_sku=\"\" data-price=\"0\" rel=\"nofollow\" class=\"wp-block-button__link  add_to_cart_button\" data-no-translation=\"\" data-trp-gettext=\"\" data-no-translation-aria-label=\"\">Read more<\/a><\/div>\n\t\t\t<\/li><\/ul><\/div><\/div><\/div>","protected":false},"excerpt":{"rendered":"","protected":false},"author":1,"featured_media":0,"parent":0,"menu_order":0,"comment_status":"closed","ping_status":"closed","template":"","meta":{"footnotes":""},"class_list":["post-10879","page","type-page","status-publish","hentry"],"_links":{"self":[{"href":"https:\/\/ipektasyalitim.com\/en\/wp-json\/wp\/v2\/pages\/10879","targetHints":{"allow":["GET"]}}],"collection":[{"href":"https:\/\/ipektasyalitim.com\/en\/wp-json\/wp\/v2\/pages"}],"about":[{"href":"https:\/\/ipektasyalitim.com\/en\/wp-json\/wp\/v2\/types\/page"}],"author":[{"embeddable":true,"href":"https:\/\/ipektasyalitim.com\/en\/wp-json\/wp\/v2\/users\/1"}],"replies":[{"embeddable":true,"href":"https:\/\/ipektasyalitim.com\/en\/wp-json\/wp\/v2\/comments?post=10879"}],"version-history":[{"count":0,"href":"https:\/\/ipektasyalitim.com\/en\/wp-json\/wp\/v2\/pages\/10879\/revisions"}],"wp:attachment":[{"href":"https:\/\/ipektasyalitim.com\/en\/wp-json\/wp\/v2\/media?parent=10879"}],"curies":[{"name":"wp","href":"https:\/\/api.w.org\/{rel}","templated":true}]}}