{"id":8958,"date":"2020-12-14T07:27:37","date_gmt":"2020-12-14T04:27:37","guid":{"rendered":"https:\/\/companyhub.liquid-themes.com\/staging\/?page_id=8958"},"modified":"2023-11-28T12:05:23","modified_gmt":"2023-11-28T09:05:23","slug":"kurumsal","status":"publish","type":"page","link":"https:\/\/ipektasyalitim.com\/en\/kurumsal\/","title":{"rendered":"about us"},"content":{"rendered":"<div data-elementor-type=\"wp-page\" data-elementor-id=\"8958\" class=\"elementor elementor-8958\">\n\t\t\t\t\t\t\t\t\t<section class=\"elementor-section elementor-top-section elementor-element elementor-element-a3143ce elementor-section-boxed elementor-section-height-default elementor-section-height-default\" data-id=\"a3143ce\" data-element_type=\"section\">\n\t\t\t\t\t\t<div class=\"elementor-container elementor-column-gap-default\">\n\t\t\t\t\t<div class=\"elementor-column elementor-col-100 elementor-top-column elementor-element elementor-element-0178d35\" data-id=\"0178d35\" data-element_type=\"column\">\n\t\t\t<div class=\"elementor-widget-wrap elementor-element-populated\">\n\t\t\t\t\t\t\t\t<div class=\"elementor-element elementor-element-20118cf elementor-widget elementor-widget-ld_tabs\" data-id=\"20118cf\" data-element_type=\"widget\" data-widget_type=\"ld_tabs.default\">\n\t\t\t\t<div class=\"elementor-widget-container\">\n\t\t\t\t\t<div class=\"lqd-tabs lqd-tabs-style-3 lqd-tabs-nav-iconbox lqd-tabs-nav-items-not-expanded  20118cf lqd-nav-underline-\" data-tabs-options=\"{&quot;trigger&quot;:&quot;click&quot;}\">\n\t\t\n\t\t\t<nav class=\"lqd-tabs-nav-wrap mb-5\">\n\t\t\t\t<ul class=\"reset-ul lqd-tabs-nav d-flex align-items-center justify-content-md-center pos-rel\" role=\"tablist\"><li data-controls=\"lqd-tab-3361\" role=\"presentation\" class=\"elementor-repeater-item-136c7e3 active text-center\"><a class=\"d-block\" href=\"#lqd-tab-3361\" aria-expanded=\"false\" aria-controls=\"lqd-tab-3361\" role=\"tab\" data-toggle=\"tab\"><span class=\"lqd-tabs-nav-icon d-block\"><span class=\"lqd-tabs-nav-content d-block\"><span class=\"d-block pos-rel h3 mt-0 mb-0\">who are we<\/span><\/span><\/span><span class=\"lqd-tabs-nav-progress\"><span class=\"lqd-tabs-nav-progress-inner\"><\/span><\/span><\/a><\/li><li data-controls=\"lqd-tab-3362\" role=\"presentation\" class=\"elementor-repeater-item-d273ce7 text-center\"><a class=\"d-block\" href=\"#lqd-tab-3362\" aria-expanded=\"false\" aria-controls=\"lqd-tab-3362\" role=\"tab\" data-toggle=\"tab\"><span class=\"lqd-tabs-nav-icon d-block\"><span class=\"lqd-tabs-nav-content d-block\"><span class=\"d-block pos-rel h3 mt-0 mb-0\">Quality<\/span><\/span><\/span><span class=\"lqd-tabs-nav-progress\"><span class=\"lqd-tabs-nav-progress-inner\"><\/span><\/span><\/a><\/li><\/ul>\t\t\t\t\t\t\t<\/nav>\n\t\t\n\t\t\t<div class=\"lqd-tabs-content pos-rel\"><div id=\"lqd-tab-3361\" role=\"tabpanel\" class=\"lqd-tabs-pane fade active in\"><p style=\"text-align: center;\">Ipekta\u015f Yal\u0131t\u0131m is a company with many years of experience in the sector by trading insulation materials. We have been in the construction industry for more than 40 years and continue to direct our commercial adventure with wholesale sales of construction materials for nearly 10 years.<\/p> <\/div><div id=\"lqd-tab-3362\" role=\"tabpanel\" class=\"lqd-tabs-pane fade\"><p>The importance we attach to customer satisfaction determines our quality standards. Our products exceed industry standards for reliability and durability. Working with the best suppliers in the industry, we provide our customers with high quality materials.<\/p> <\/div><\/div>\t\t\n\t\t<\/div>\n\t\t\t<\/div>\n\t\t\t\t<\/div>\n\t\t\t\t\t<\/div>\n\t\t<\/div>\n\t\t\t\t\t\t\t<\/div>\n\t\t<\/section>\n\t\t\t\t<section class=\"elementor-section elementor-top-section elementor-element elementor-element-7d5c433 elementor-section-boxed elementor-section-height-default elementor-section-height-default\" data-id=\"7d5c433\" data-element_type=\"section\">\n\t\t\t\t\t\t<div class=\"elementor-container elementor-column-gap-no\">\n\t\t\t\t\t<div class=\"elementor-column elementor-col-100 elementor-top-column elementor-element elementor-element-0b1ba5a\" data-id=\"0b1ba5a\" data-element_type=\"column\">\n\t\t\t<div class=\"elementor-widget-wrap elementor-element-populated\">\n\t\t\t\t\t\t\t\t<div class=\"elementor-element elementor-element-07555fd elementor-widget elementor-widget-ld_media_element\" data-id=\"07555fd\" data-element_type=\"widget\" data-widget_type=\"ld_media_element.default\">\n\t\t\t\t<div class=\"elementor-widget-container\">\n\t\t\t\n\t\t<div class=\"ld-media-row d-flex flex-wrap\" data-liquid-masonry=\"true\">\n\t\t\t\n\t\t\t\t\t\t<div class=\"masonry-item elementor-repeater-item-2d4aacb\">\n\n\t\t\t\t<div class=\"ld-media-item pos-rel overflow-hidden\">\n\n\t\t\t\t\t<figure class=\"bg-cover\">\n\t\t\t\t\t\t<img decoding=\"async\" width=\"3000\" height=\"4000\" src=\"https:\/\/ipektasyalitim.com\/wp-content\/uploads\/2023\/11\/IMG-20231108-WA0025.webp\" class=\"w-100 objfit-cover objpos-center\" alt=\"\" srcset=\"https:\/\/ipektasyalitim.com\/wp-content\/uploads\/2023\/11\/IMG-20231108-WA0025.webp 3000w, https:\/\/ipektasyalitim.com\/wp-content\/uploads\/2023\/11\/IMG-20231108-WA0025-225x300.webp 225w, https:\/\/ipektasyalitim.com\/wp-content\/uploads\/2023\/11\/IMG-20231108-WA0025-768x1024.webp 768w, https:\/\/ipektasyalitim.com\/wp-content\/uploads\/2023\/11\/IMG-20231108-WA0025-9x12.webp 9w\" sizes=\"(max-width: 3000px) 100vw, 3000px\" itemprop=\"image\" \/>\t\t\t\t\t<\/figure>\n\n\t\t\t\t\t<div class=\"ld-media-item-overlay d-flex flex-column align-items-center lqd-overlay text-center justify-content-center\">\n\n\t\t\t\t\t\t<div class=\"ld-media-bg lqd-overlay\"><\/div>\n\n\t\t\t\t\t\t<div class=\"ld-media-content pos-rel z-index-2\">\n\t\t\t\t\t\t\t<div class=\"ld-media-txt\">\n\t\t\t\t\t\t\t\t<h3 class=\"m-0\"><\/h3>\n\t\t\t\t\t\t\t\t<h6 class=\"m-0 text-uppercase ltr-sp-135\"><\/h6>\n\t\t\t\t\t\t\t\t\t\t\t\t\t\t\t<\/div>\n\t\t\t\t\t\t<\/div>\n\n\t\t\t\t\t<\/div>\n\n\t\t\t\t\t<a  target=\"_blank\" rel=\"nofollow\" class=\"lqd-overlay z-index-2\"><\/a>\n\t\t\t\t<\/div>\n\n\t\t\t<\/div>\n\t\t\t\t\t\t<div class=\"masonry-item elementor-repeater-item-4609ed8\">\n\n\t\t\t\t<div class=\"ld-media-item pos-rel overflow-hidden\">\n\n\t\t\t\t\t<figure class=\"bg-cover\">\n\t\t\t\t\t\t<img decoding=\"async\" width=\"4032\" height=\"3024\" src=\"data:image\/svg+xml;charset=utf-8,%3Csvg xmlns%3D&#039;http%3A%2F%2Fwww.w3.org%2F2000%2Fsvg&#039; viewBox%3D&#039;0 0 4032 3024&#039;%2F%3E\" class=\"w-100 objfit-cover objpos-center ld-lazyload\" alt=\"\" itemprop=\"image\" data-src=\"https:\/\/ipektasyalitim.com\/wp-content\/uploads\/2023\/11\/IMG-20231108-WA0014.webp\" data-srcset=\"https:\/\/ipektasyalitim.com\/wp-content\/uploads\/2023\/11\/IMG-20231108-WA0014.webp 4032w, https:\/\/ipektasyalitim.com\/wp-content\/uploads\/2023\/11\/IMG-20231108-WA0014-300x225.webp 300w, https:\/\/ipektasyalitim.com\/wp-content\/uploads\/2023\/11\/IMG-20231108-WA0014-1024x768.webp 1024w, https:\/\/ipektasyalitim.com\/wp-content\/uploads\/2023\/11\/IMG-20231108-WA0014-16x12.webp 16w\" data-sizes=\"(max-width: 4032px) 100vw, 4032px\" data-aspect=\"1.3333333333333\" \/>\t\t\t\t\t<\/figure>\n\n\t\t\t\t\t<div class=\"ld-media-item-overlay d-flex flex-column align-items-center lqd-overlay text-center justify-content-end\">\n\n\t\t\t\t\t\t<div class=\"ld-media-bg lqd-overlay\"><\/div>\n\n\t\t\t\t\t\t<div class=\"ld-media-content pos-rel z-index-2\">\n\t\t\t\t\t\t\t<div class=\"ld-media-txt\">\n\t\t\t\t\t\t\t\t<h3 class=\"m-0\"><\/h3>\n\t\t\t\t\t\t\t\t<h6 class=\"m-0 text-uppercase ltr-sp-135\"><\/h6>\n\t\t\t\t\t\t\t\t\t\t\t\t\t\t\t<\/div>\n\t\t\t\t\t\t<\/div>\n\n\t\t\t\t\t<\/div>\n\n\t\t\t\t\t<a  target=\"_blank\" rel=\"nofollow\" class=\"lqd-overlay z-index-2\"><\/a>\n\t\t\t\t<\/div>\n\n\t\t\t<\/div>\n\t\t\t\t\t\t<div class=\"masonry-item elementor-repeater-item-8523701\">\n\n\t\t\t\t<div class=\"ld-media-item pos-rel overflow-hidden\">\n\n\t\t\t\t\t<figure class=\"bg-cover\">\n\t\t\t\t\t\t<img decoding=\"async\" width=\"1024\" height=\"768\" src=\"data:image\/svg+xml;charset=utf-8,%3Csvg xmlns%3D&#039;http%3A%2F%2Fwww.w3.org%2F2000%2Fsvg&#039; viewBox%3D&#039;0 0 1024 768&#039;%2F%3E\" class=\"w-100 objfit-cover objpos-center ld-lazyload\" alt=\"\" itemprop=\"image\" data-src=\"https:\/\/ipektasyalitim.com\/wp-content\/uploads\/2023\/11\/IMG-20231108-WA0053.webp\" data-srcset=\"https:\/\/ipektasyalitim.com\/wp-content\/uploads\/2023\/11\/IMG-20231108-WA0053.webp 1024w, https:\/\/ipektasyalitim.com\/wp-content\/uploads\/2023\/11\/IMG-20231108-WA0053-300x225.webp 300w, https:\/\/ipektasyalitim.com\/wp-content\/uploads\/2023\/11\/IMG-20231108-WA0053-16x12.webp 16w\" data-sizes=\"(max-width: 1024px) 100vw, 1024px\" data-aspect=\"1.3333333333333\" \/>\t\t\t\t\t<\/figure>\n\n\t\t\t\t\t<div class=\"ld-media-item-overlay d-flex flex-column align-items-center lqd-overlay text-center justify-content-end\">\n\n\t\t\t\t\t\t<div class=\"ld-media-bg lqd-overlay\"><\/div>\n\n\t\t\t\t\t\t<div class=\"ld-media-content pos-rel z-index-2\">\n\t\t\t\t\t\t\t<div class=\"ld-media-txt\">\n\t\t\t\t\t\t\t\t<h3 class=\"m-0\"><\/h3>\n\t\t\t\t\t\t\t\t<h6 class=\"m-0 text-uppercase ltr-sp-135\"><\/h6>\n\t\t\t\t\t\t\t\t\t\t\t\t\t\t\t<\/div>\n\t\t\t\t\t\t<\/div>\n\n\t\t\t\t\t<\/div>\n\n\t\t\t\t\t<a  target=\"_blank\" rel=\"nofollow\" class=\"lqd-overlay z-index-2\"><\/a>\n\t\t\t\t<\/div>\n\n\t\t\t<\/div>\n\t\t\t\t\t\t<div class=\"masonry-item elementor-repeater-item-316ed90\">\n\n\t\t\t\t<div class=\"ld-media-item pos-rel overflow-hidden\">\n\n\t\t\t\t\t<figure class=\"bg-cover\">\n\t\t\t\t\t\t<img decoding=\"async\" width=\"3000\" height=\"4000\" src=\"data:image\/svg+xml;charset=utf-8,%3Csvg xmlns%3D&#039;http%3A%2F%2Fwww.w3.org%2F2000%2Fsvg&#039; viewBox%3D&#039;0 0 3000 4000&#039;%2F%3E\" class=\"w-100 objfit-cover objpos-center ld-lazyload\" alt=\"\" itemprop=\"image\" data-src=\"https:\/\/ipektasyalitim.com\/wp-content\/uploads\/2023\/11\/IMG-20231108-WA0026.webp\" data-srcset=\"https:\/\/ipektasyalitim.com\/wp-content\/uploads\/2023\/11\/IMG-20231108-WA0026.webp 3000w, https:\/\/ipektasyalitim.com\/wp-content\/uploads\/2023\/11\/IMG-20231108-WA0026-225x300.webp 225w, https:\/\/ipektasyalitim.com\/wp-content\/uploads\/2023\/11\/IMG-20231108-WA0026-768x1024.webp 768w, https:\/\/ipektasyalitim.com\/wp-content\/uploads\/2023\/11\/IMG-20231108-WA0026-9x12.webp 9w\" data-sizes=\"(max-width: 3000px) 100vw, 3000px\" data-aspect=\"0.75\" \/>\t\t\t\t\t<\/figure>\n\n\t\t\t\t\t<div class=\"ld-media-item-overlay d-flex flex-column align-items-center lqd-overlay text-center justify-content-end\">\n\n\t\t\t\t\t\t<div class=\"ld-media-bg lqd-overlay\"><\/div>\n\n\t\t\t\t\t\t<div class=\"ld-media-content pos-rel z-index-2\">\n\t\t\t\t\t\t\t<div class=\"ld-media-txt\">\n\t\t\t\t\t\t\t\t<h3 class=\"m-0\"><\/h3>\n\t\t\t\t\t\t\t\t<h6 class=\"m-0 text-uppercase ltr-sp-135\"><\/h6>\n\t\t\t\t\t\t\t\t\t\t\t\t\t\t\t<\/div>\n\t\t\t\t\t\t<\/div>\n\n\t\t\t\t\t<\/div>\n\n\t\t\t\t\t<a  target=\"_blank\" rel=\"nofollow\" class=\"lqd-overlay z-index-2\"><\/a>\n\t\t\t\t<\/div>\n\n\t\t\t<\/div>\n\t\t\t\n\t\t<\/div>\n\n\t\t\t\t<\/div>\n\t\t\t\t<\/div>\n\t\t\t\t\t<\/div>\n\t\t<\/div>\n\t\t\t\t\t\t\t<\/div>\n\t\t<\/section>\n\t\t\t\t<section class=\"elementor-section elementor-top-section elementor-element elementor-element-df71ffa elementor-section-content-middle elementor-section-boxed elementor-section-height-default elementor-section-height-default\" data-id=\"df71ffa\" data-element_type=\"section\" data-settings=\"{&quot;background_background&quot;:&quot;classic&quot;}\">\n\t\t\t\t\t\t<div class=\"elementor-container elementor-column-gap-default\">\n\t\t\t\t\t<div class=\"elementor-column elementor-col-50 elementor-top-column elementor-element elementor-element-ef807eb\" data-id=\"ef807eb\" data-element_type=\"column\">\n\t\t\t<div class=\"elementor-widget-wrap elementor-element-populated\">\n\t\t\t\t\t\t\t\t<div class=\"elementor-element elementor-element-99e6870 elementor-widget elementor-widget-hub_fancy_heading\" data-id=\"99e6870\" data-element_type=\"widget\" data-widget_type=\"hub_fancy_heading.default\">\n\t\t\t\t<div class=\"elementor-widget-container\">\n\t\t\t\n\t\t<div id=\"ld-fancy-heading-69f1ff878af7d\" class=\"ld-fancy-heading pos-rel\">\n\t\t\t<h2 class=\"ld-fh-element d-inline-block pos-rel  elementor-heading-title lqd-highlight-classic lqd-highlight-grow-left h2\"  > Inspiration innovation and opportunities<\/h2>\t\t<\/div>\n\n\t\t\t\t<\/div>\n\t\t\t\t<\/div>\n\t\t\t\t<div class=\"elementor-element elementor-element-7b26c1a elementor-widget elementor-widget-hub_fancy_heading\" data-id=\"7b26c1a\" data-element_type=\"widget\" data-widget_type=\"hub_fancy_heading.default\">\n\t\t\t\t<div class=\"elementor-widget-container\">\n\t\t\t\n\t\t<div id=\"ld-fancy-heading-69f1ff878bafb\" class=\"ld-fancy-heading pos-rel\">\n\t\t\t<p class=\"ld-fh-element d-inline-block pos-rel  lqd-highlight-classic lqd-highlight-grow-left p\"  > As Ipekta\u015f Insulation, discover the power of insulation to create energy saving, comfort and environmentally friendly living spaces. We contribute to a more sustainable future by providing our customers with high-quality insulation materials and expertise.<\/p>\t\t<\/div>\n\n\t\t\t\t<\/div>\n\t\t\t\t<\/div>\n\t\t\t\t<div class=\"elementor-element elementor-element-624da75 elementor-widget elementor-widget-ld_accordion\" data-id=\"624da75\" data-element_type=\"widget\" data-widget_type=\"ld_accordion.default\">\n\t\t\t\t<div class=\"elementor-widget-container\">\n\t\t\t\n\t\t<div class=\"accordion accordion-title-bordered accordion-lg accordion-side-spacing accordion-title-bg-transparent accordion-title-round accordion-active-has-fill\" id=\"accordion-69f1ff878def2\" role=\"tablist\" aria-multiselectable=\"true\">\n\t\t\t\t\t\t\t\t\t\t\t\t<div class=\"accordion-item panel  active\">\n\n\t\t\t\t<div class=\"accordion-heading\" role=\"tab\" id=\"heading-1031\">\n\t\t\t\t<h4 class=\"accordion-title  tabindex=\"-1\">\t\t\t\t\t<a class=\"\" role=\"button\" data-toggle=\"collapse\"\n                    tabindex=\"0\"\n\t\t\t\t\tdata-parent=\"#accordion-69f1ff878def2\" href=\"#collapse-1031\"\n\t\t\t\t\taria-expanded=\"true\" aria-controls=\"collapse-1031\">\n\t\t\t\t\t\t\t\t\t\t\t\t<span class=\"accordion-title-txt\">our vision<\/span>\n\t\t\t\t\t\t\t\t\t\t\t\t\t<span class=\"accordion-expander\"><i class=\"lqd-icn-ess icon-ion-ios-arrow-down\"><\/i><i class=\"lqd-icn-ess icon-ion-ios-arrow-up\"><\/i><\/span>\t\t\t\t\t\t\t\t\t\t\t<\/a>\n\t\t\t\t<\/h4>\t\t\t\t<\/div>\n\n\t\t\t\t<div id=\"collapse-1031\" class=\"accordion-collapse collapse  in\" role=\"tabpanel\" aria-labelledby=\"heading-1031\">\n\n\t\t\t\t<div class=\"accordion-content\">\n\t\t\t\t\t<p>As Ipekta\u015f Insulation, our mission is to make our customers&#039; lives more comfortable, energy efficient and environmentally friendly by offering them the power of insulation. We base our every project on high quality, expertise and customer satisfaction. By emphasizing the importance of insulation, we contribute to a sustainable future.<\/p>\t\t\t\t<\/div>\n\n\t\t\t\t<\/div>\n\n\t\t\t<\/div>\n\t\t\t\t\t\t\t\t\t<div class=\"accordion-item panel\">\n\n\t\t\t\t<div class=\"accordion-heading\" role=\"tab\" id=\"heading-1032\">\n\t\t\t\t<h4 class=\"accordion-title  tabindex=\"-1\">\t\t\t\t\t<a class=\"collapsed\" role=\"button\" data-toggle=\"collapse\"\n                    tabindex=\"0\"\n\t\t\t\t\tdata-parent=\"#accordion-69f1ff878def2\" href=\"#collapse-1032\"\n\t\t\t\t\taria-expanded=\"false\" aria-controls=\"collapse-1032\">\n\t\t\t\t\t\t\t\t\t\t\t\t<span class=\"accordion-title-txt\">Our Mission<\/span>\n\t\t\t\t\t\t\t\t\t\t\t\t\t<span class=\"accordion-expander\"><i class=\"lqd-icn-ess icon-ion-ios-arrow-down\"><\/i><i class=\"lqd-icn-ess icon-ion-ios-arrow-up\"><\/i><\/span>\t\t\t\t\t\t\t\t\t\t\t<\/a>\n\t\t\t\t<\/h4>\t\t\t\t<\/div>\n\n\t\t\t\t<div id=\"collapse-1032\" class=\"accordion-collapse collapse\" role=\"tabpanel\" aria-labelledby=\"heading-1032\">\n\n\t\t\t\t<div class=\"accordion-content\">\n\t\t\t\t\t<p>Our vision is to shape the future of insulation and build a sustainable world. As Ipekta\u015f Insulation, we aim to increase energy efficiency by equipping more projects with high-performance insulation materials in the future. We aim to spread the power of insulation all over the world with innovation, expertise and environmental responsibility.w<\/p>\t\t\t\t<\/div>\n\n\t\t\t\t<\/div>\n\n\t\t\t<\/div>\n\t\t\t\t\t\t\n\t\t<\/div>\n\n\t\t\t\t<\/div>\n\t\t\t\t<\/div>\n\t\t\t\t\t<\/div>\n\t\t<\/div>\n\t\t\t\t<div class=\"elementor-column elementor-col-50 elementor-top-column elementor-element elementor-element-e6731a7\" data-id=\"e6731a7\" data-element_type=\"column\">\n\t\t\t<div class=\"elementor-widget-wrap elementor-element-populated\">\n\t\t\t\t\t\t\t\t<div class=\"elementor-element elementor-element-5b8d58d elementor-widget elementor-widget-ld_fancy_image\" data-id=\"5b8d58d\" data-element_type=\"widget\" data-widget_type=\"ld_fancy_image.default\">\n\t\t\t\t<div class=\"elementor-widget-container\">\n\t\t\t\n\t\t<div class=\"lqd-imggrp-single d-block pos-rel\" data-shadow-style=\"4\">\n\t\t\t<div class=\"lqd-imggrp-img-container d-inline-flex pos-rel align-items-center justify-content-center\">\n\t\t\t\t\t\t\t\t<figure class=\"w-100 pos-rel\">\n\t\t\t\t\t<img decoding=\"async\" width=\"592\" height=\"674\" src=\"data:image\/svg+xml;charset=utf-8,%3Csvg xmlns%3D&#039;http%3A%2F%2Fwww.w3.org%2F2000%2Fsvg&#039; viewBox%3D&#039;0 0 592 674&#039;%2F%3E\" class=\"attachment-full size-full wp-image-8658 ld-lazyload\" alt=\"\" itemprop=\"image\" data-src=\"https:\/\/ipektasyalitim.com\/wp-content\/uploads\/2019\/12\/img-1@2x.jpg\" data-srcset=\"https:\/\/ipektasyalitim.com\/wp-content\/uploads\/2019\/12\/img-1@2x.jpg 592w, https:\/\/ipektasyalitim.com\/wp-content\/uploads\/2019\/12\/img-1@2x-264x300.jpg 264w, https:\/\/ipektasyalitim.com\/wp-content\/uploads\/2019\/12\/img-1@2x-11x12.jpg 11w\" data-sizes=\"(max-width: 592px) 100vw, 592px\" data-aspect=\"0.87833827893175\" \/>\t\t\t\t\t\t\t\t\t\t\t\t\t\t\t\t\t\t\t\t\t\t\t\t\t\t\t\t\t<\/figure>\n\t\t\t<\/div>\n\t\t<\/div>\n\n\t\t\t<\/div>\n\t\t\t\t<\/div>\n\t\t\t\t\t<\/div>\n\t\t<\/div>\n\t\t\t\t\t\t\t<\/div>\n\t\t<\/section>\n\t\t\t\t<section data-custom-animations=\"true\" data-ca-options=\"{&quot;addChildTimelines&quot;:false,&quot;animationTarget&quot;:&quot;:scope &gt; .elementor-container &gt; .elementor-column&quot;,&quot;ease&quot;:[&quot;power4.out&quot;],&quot;initValues&quot;:{&quot;opacity&quot;:0},&quot;animations&quot;:{&quot;opacity&quot;:1}}\" class=\"elementor-section elementor-top-section elementor-element elementor-element-a71e4a5 elementor-section-boxed elementor-section-height-default elementor-section-height-default\" data-id=\"a71e4a5\" data-element_type=\"section\" data-settings=\"{&quot;background_background&quot;:&quot;classic&quot;}\">\n\t\t\t\t\t\t<div class=\"elementor-container elementor-column-gap-default\">\n\t\t\t\t\t<div class=\"elementor-column elementor-col-33 elementor-top-column elementor-element elementor-element-edf1d17\" data-id=\"edf1d17\" data-element_type=\"column\">\n\t\t\t<div class=\"elementor-widget-wrap elementor-element-populated\">\n\t\t\t\t\t\t\t\t<div class=\"elementor-element elementor-element-045e5d0 elementor-align-left elementor-widget elementor-widget-ld_icon_box\" data-id=\"045e5d0\" data-element_type=\"widget\" data-widget_type=\"ld_icon_box.default\">\n\t\t\t\t<div class=\"elementor-widget-container\">\n\t\t\t\n\t\t\t<div id=\"ld_icon_box_045e5d0\" class=\"iconbox d-flex flex-grow-1 pos-rel flex-column iconbox-default iconbox-contents-show-onhover\"   data-slideelement-onhover=\"true\" data-slideelement-options='{ \"visibleElement\": \".iconbox-icon-wrap, p, h3\", \"hiddenElement\": \".btn\", \"alignMid\": true, \"triggerElement\": \".elementor-widget-container\" }'>\n\n\t\t\t\t\n\t\t\t\t<div class=\"iconbox-icon-wrap\"><div class=\"iconbox-icon-container d-inline-flex\"><i aria-hidden=\"true\" class=\"lqd-icn-ess icon-lqd-presentation\"><\/i><\/div><\/div>\n\t\t\t\t<h3 class=\"lqd-iconbox-heading\" >Our Quality Principle <\/h3>\n\t\t\t\t<div class=\"contents\">\n\t\t\t\t\n\t\t\t\t\t\t\t\t<p>We are committed to always providing our customers with the highest quality insulation materials.<\/p>\n\t\t\t\t\n\t\t\t\t<\/div>\n\t\t\t\t\n\t\t\t<\/div>\n\n\t\t\t\t<\/div>\n\t\t\t\t<\/div>\n\t\t\t\t\t<\/div>\n\t\t<\/div>\n\t\t\t\t<div class=\"elementor-column elementor-col-33 elementor-top-column elementor-element elementor-element-10a5c3f\" data-id=\"10a5c3f\" data-element_type=\"column\">\n\t\t\t<div class=\"elementor-widget-wrap elementor-element-populated\">\n\t\t\t\t\t\t\t\t<div class=\"elementor-element elementor-element-14615bf elementor-align-left elementor-widget elementor-widget-ld_icon_box\" data-id=\"14615bf\" data-element_type=\"widget\" data-widget_type=\"ld_icon_box.default\">\n\t\t\t\t<div class=\"elementor-widget-container\">\n\t\t\t\n\t\t\t<div id=\"ld_icon_box_14615bf\" class=\"iconbox d-flex flex-grow-1 pos-rel flex-column iconbox-default iconbox-contents-show-onhover\"   data-slideelement-onhover=\"true\" data-slideelement-options='{ \"visibleElement\": \".iconbox-icon-wrap, p, h3\", \"hiddenElement\": \".btn\", \"alignMid\": true, \"triggerElement\": \".elementor-widget-container\" }'>\n\n\t\t\t\t\n\t\t\t\t<div class=\"iconbox-icon-wrap\"><div class=\"iconbox-icon-container d-inline-flex\"><i aria-hidden=\"true\" class=\"lqd-icn-ess icon-lqd-user\"><\/i><\/div><\/div>\n\t\t\t\t<h3 class=\"lqd-iconbox-heading\" >Our Expert Team <\/h3>\n\t\t\t\t<div class=\"contents\">\n\t\t\t\t\n\t\t\t\t\t\t\t\t<p>Our expert team ensures the successful implementation of your projects. <br>provides.<\/p>\n\t\t\t\t\n\t\t\t\t<\/div>\n\t\t\t\t\n\t\t\t<\/div>\n\n\t\t\t\t<\/div>\n\t\t\t\t<\/div>\n\t\t\t\t\t<\/div>\n\t\t<\/div>\n\t\t\t\t<div class=\"elementor-column elementor-col-33 elementor-top-column elementor-element elementor-element-16deaff\" data-id=\"16deaff\" data-element_type=\"column\">\n\t\t\t<div class=\"elementor-widget-wrap elementor-element-populated\">\n\t\t\t\t\t\t\t\t<div class=\"elementor-element elementor-element-467098c elementor-align-left elementor-widget elementor-widget-ld_icon_box\" data-id=\"467098c\" data-element_type=\"widget\" data-widget_type=\"ld_icon_box.default\">\n\t\t\t\t<div class=\"elementor-widget-container\">\n\t\t\t\n\t\t\t<div id=\"ld_icon_box_467098c\" class=\"iconbox d-flex flex-grow-1 pos-rel flex-column iconbox-default iconbox-contents-show-onhover\"   data-slideelement-onhover=\"true\" data-slideelement-options='{ \"visibleElement\": \".iconbox-icon-wrap, p, h3\", \"hiddenElement\": \".btn\", \"alignMid\": true, \"triggerElement\": \".elementor-widget-container\" }'>\n\n\t\t\t\t\n\t\t\t\t<div class=\"iconbox-icon-wrap\"><div class=\"iconbox-icon-container d-inline-flex\"><i aria-hidden=\"true\" class=\"lqd-icn-ess icon-lqd-smile\"><\/i><\/div><\/div>\n\t\t\t\t<h3 class=\"lqd-iconbox-heading\" >Customer happiness\n\n <\/h3>\n\t\t\t\t<div class=\"contents\">\n\t\t\t\t\n\t\t\t\t\t\t\t\t<p>Our customers&#039; satisfaction is one of our top priorities. We are here to offer you the best service.<\/p>\n\t\t\t\t\n\t\t\t\t<\/div>\n\t\t\t\t\n\t\t\t<\/div>\n\n\t\t\t\t<\/div>\n\t\t\t\t<\/div>\n\t\t\t\t\t<\/div>\n\t\t<\/div>\n\t\t\t\t\t\t\t<\/div>\n\t\t<\/section>\n\t\t\t\t\t\t\t<\/div>","protected":false},"excerpt":{"rendered":"<p>Who We Are Quality Ipekta\u015f Yal\u0131t\u0131m is a company with many years of experience in the sector by trading insulation materials. We have been in the construction industry for more than 40 years and continue to direct our commercial adventure with wholesale sales of construction materials for nearly 10 years. The importance we attach to customer satisfaction determines our quality standards. Our products exceed industry standards for reliability and durability. Working with the best suppliers in the industry, [\u2026]<\/p>","protected":false},"author":1,"featured_media":0,"parent":0,"menu_order":0,"comment_status":"closed","ping_status":"closed","template":"","meta":{"footnotes":""},"class_list":["post-8958","page","type-page","status-publish","hentry"],"_links":{"self":[{"href":"https:\/\/ipektasyalitim.com\/en\/wp-json\/wp\/v2\/pages\/8958","targetHints":{"allow":["GET"]}}],"collection":[{"href":"https:\/\/ipektasyalitim.com\/en\/wp-json\/wp\/v2\/pages"}],"about":[{"href":"https:\/\/ipektasyalitim.com\/en\/wp-json\/wp\/v2\/types\/page"}],"author":[{"embeddable":true,"href":"https:\/\/ipektasyalitim.com\/en\/wp-json\/wp\/v2\/users\/1"}],"replies":[{"embeddable":true,"href":"https:\/\/ipektasyalitim.com\/en\/wp-json\/wp\/v2\/comments?post=8958"}],"version-history":[{"count":26,"href":"https:\/\/ipektasyalitim.com\/en\/wp-json\/wp\/v2\/pages\/8958\/revisions"}],"predecessor-version":[{"id":10872,"href":"https:\/\/ipektasyalitim.com\/en\/wp-json\/wp\/v2\/pages\/8958\/revisions\/10872"}],"wp:attachment":[{"href":"https:\/\/ipektasyalitim.com\/en\/wp-json\/wp\/v2\/media?parent=8958"}],"curies":[{"name":"wp","href":"https:\/\/api.w.org\/{rel}","templated":true}]}}