{"id":10912,"date":"2024-01-24T02:18:07","date_gmt":"2024-01-23T23:18:07","guid":{"rendered":"https:\/\/ipektasyalitim.com\/?post_type=product&#038;p=10912"},"modified":"2024-01-24T10:44:24","modified_gmt":"2024-01-24T07:44:24","slug":"camyunu","status":"publish","type":"product","link":"https:\/\/ipektasyalitim.com\/en\/product\/camyunu\/","title":{"rendered":"GLASS WOOL"},"content":{"rendered":"<p>Ipekta\u015f Yal\u0131t\u0131m CAMY\u00dcN\u00dc, y\u00fcksek \u0131s\u0131 yal\u0131t\u0131m performans\u0131 ve \u00e7evre dostu \u00f6zellikleriyle modern yap\u0131 projelerinizin g\u00fcvenli\u011fini ve enerji verimlili\u011fini art\u0131r\u0131r. Inovatif teknolojisi ile \u00fcretilen bu \u00fcr\u00fcn, hem konutlar\u0131n\u0131z\u0131 hem de ticari binalar\u0131n\u0131z\u0131 daha s\u00fcrd\u00fcr\u00fclebilir ve konforlu hale getirir.<\/p>\n<p><strong>Avantajlar:<\/strong><\/p>\n<ol>\n<li><strong>Y\u00fcksek Is\u0131 Yal\u0131t\u0131m\u0131:<\/strong> CAMY\u00dcN\u00dc, benzersiz \u0131s\u0131 yal\u0131t\u0131m \u00f6zellikleri ile i\u00e7 mekan s\u0131cakl\u0131\u011f\u0131n\u0131 korur, enerji tasarrufu sa\u011flar.<\/li>\n<li><strong>\u00c7evre Dostu Malzeme:<\/strong> Geri d\u00f6n\u00fc\u015ft\u00fcr\u00fclebilir cam elyaf\u0131ndan \u00fcretilen CAMY\u00dcN\u00dc, \u00e7evre dostu bir yal\u0131t\u0131m \u00e7\u00f6z\u00fcm\u00fc sunar.<\/li>\n<li><strong>Ses Yal\u0131t\u0131m Performans\u0131:<\/strong> Sadece \u0131s\u0131 de\u011fil, ayn\u0131 zamanda ses yal\u0131t\u0131m\u0131nda da etkili olan CAMY\u00dcN\u00dc, sessiz ve huzurlu bir i\u00e7 mekan sunar.<\/li>\n<li><strong>Hafif ve Kolay Uygulanabilir:<\/strong> Hafif yap\u0131s\u0131 sayesinde kolay ta\u015f\u0131nabilir ve montaj i\u015flemlerini h\u0131zland\u0131r\u0131r, i\u015f\u00e7ilik maliyetlerini minimize eder.<\/li>\n<\/ol>\n<p>Ipekta\u015f Yal\u0131t\u0131m CAMY\u00dcN\u00dc, enerji verimlili\u011fi ve \u00e7evre dostu yap\u0131s\u0131 ile projelerinizi gelece\u011fe ta\u015f\u0131man\u0131z\u0131 sa\u011flar.<\/p>","protected":false},"excerpt":{"rendered":"<p>Ipekta\u015f Yal\u0131t\u0131m CAMY\u00dcN\u00dc, y\u00fcksek \u0131s\u0131 yal\u0131t\u0131m performans\u0131 ve \u00e7evre dostu \u00f6zellikleriyle modern yap\u0131 projelerinizin g\u00fcvenli\u011fini ve enerji verimlili\u011fini art\u0131r\u0131r. Inovatif teknolojisi ile \u00fcretilen bu \u00fcr\u00fcn, hem konutlar\u0131n\u0131z\u0131 hem de ticari binalar\u0131n\u0131z\u0131 daha s\u00fcrd\u00fcr\u00fclebilir ve konforlu hale getirir.<\/p>","protected":false},"featured_media":10635,"comment_status":"open","ping_status":"closed","template":"","meta":[],"product_cat":[38,39],"product_tag":[],"class_list":{"0":"post-10912","1":"product","2":"type-product","3":"status-publish","4":"has-post-thumbnail","6":"product_cat-genel","7":"product_cat-yalitim-malzemeleri","9":"first","10":"instock","11":"shipping-taxable","12":"product-type-simple"},"_links":{"self":[{"href":"https:\/\/ipektasyalitim.com\/en\/wp-json\/wp\/v2\/product\/10912","targetHints":{"allow":["GET"]}}],"collection":[{"href":"https:\/\/ipektasyalitim.com\/en\/wp-json\/wp\/v2\/product"}],"about":[{"href":"https:\/\/ipektasyalitim.com\/en\/wp-json\/wp\/v2\/types\/product"}],"replies":[{"embeddable":true,"href":"https:\/\/ipektasyalitim.com\/en\/wp-json\/wp\/v2\/comments?post=10912"}],"wp:featuredmedia":[{"embeddable":true,"href":"https:\/\/ipektasyalitim.com\/en\/wp-json\/wp\/v2\/media\/10635"}],"wp:attachment":[{"href":"https:\/\/ipektasyalitim.com\/en\/wp-json\/wp\/v2\/media?parent=10912"}],"wp:term":[{"taxonomy":"product_cat","embeddable":true,"href":"https:\/\/ipektasyalitim.com\/en\/wp-json\/wp\/v2\/product_cat?post=10912"},{"taxonomy":"product_tag","embeddable":true,"href":"https:\/\/ipektasyalitim.com\/en\/wp-json\/wp\/v2\/product_tag?post=10912"}],"curies":[{"name":"wp","href":"https:\/\/api.w.org\/{rel}","templated":true}]}}