{"id":10941,"date":"2024-01-24T03:59:44","date_gmt":"2024-01-24T00:59:44","guid":{"rendered":"https:\/\/ipektasyalitim.com\/?post_type=product&#038;p=10941"},"modified":"2024-02-18T23:53:22","modified_gmt":"2024-02-18T20:53:22","slug":"corex-levhalar","status":"publish","type":"product","link":"https:\/\/ipektasyalitim.com\/en\/product\/corex-levhalar\/","title":{"rendered":"Corex Levhalar | Duvar &#038; Tavan Kaplama \u0130\u00e7in Dayan\u0131kl\u0131 ve Estetik \u00c7\u00f6z\u00fcm"},"content":{"rendered":"<p data-sourcepos=\"20:1-20:22\"><strong>Beyaz Corex levhalar, duvar ve tavan kaplamalar\u0131 i\u00e7in ideal olan, hafif, esnek ve kolay uygulanabilen bir malzemedir. Boyanabilir ve dayan\u0131kl\u0131 olmas\u0131yla da \u00f6ne \u00e7\u0131kan bu levhalar, her zevke ve ihtiyaca uygun \u00e7\u00f6z\u00fcmler sunar.<\/strong><\/p>","protected":false},"excerpt":{"rendered":"<p data-sourcepos=\"7:1-7:49\"><strong>Corex levhalar, duvar ve tavan kaplamalar\u0131 i\u00e7in ideal olan, dayan\u0131kl\u0131, estetik ve \u00e7ok y\u00f6nl\u00fc bir malzemedir. Farkl\u0131 renk ve desen se\u00e7enekleri ile her zevke ve ihtiyaca uygun \u00e7\u00f6z\u00fcmler sunar.<\/strong><\/p>","protected":false},"featured_media":10566,"comment_status":"open","ping_status":"closed","template":"","meta":[],"product_cat":[38,42],"product_tag":[],"class_list":{"0":"post-10941","1":"product","2":"type-product","3":"status-publish","4":"has-post-thumbnail","6":"product_cat-genel","7":"product_cat-alci-levha-ve-profiller","9":"first","10":"instock","11":"shipping-taxable","12":"product-type-simple"},"_links":{"self":[{"href":"https:\/\/ipektasyalitim.com\/en\/wp-json\/wp\/v2\/product\/10941","targetHints":{"allow":["GET"]}}],"collection":[{"href":"https:\/\/ipektasyalitim.com\/en\/wp-json\/wp\/v2\/product"}],"about":[{"href":"https:\/\/ipektasyalitim.com\/en\/wp-json\/wp\/v2\/types\/product"}],"replies":[{"embeddable":true,"href":"https:\/\/ipektasyalitim.com\/en\/wp-json\/wp\/v2\/comments?post=10941"}],"wp:featuredmedia":[{"embeddable":true,"href":"https:\/\/ipektasyalitim.com\/en\/wp-json\/wp\/v2\/media\/10566"}],"wp:attachment":[{"href":"https:\/\/ipektasyalitim.com\/en\/wp-json\/wp\/v2\/media?parent=10941"}],"wp:term":[{"taxonomy":"product_cat","embeddable":true,"href":"https:\/\/ipektasyalitim.com\/en\/wp-json\/wp\/v2\/product_cat?post=10941"},{"taxonomy":"product_tag","embeddable":true,"href":"https:\/\/ipektasyalitim.com\/en\/wp-json\/wp\/v2\/product_tag?post=10941"}],"curies":[{"name":"wp","href":"https:\/\/api.w.org\/{rel}","templated":true}]}}