{"id":10951,"date":"2024-01-24T04:04:47","date_gmt":"2024-01-24T01:04:47","guid":{"rendered":"https:\/\/ipektasyalitim.com\/?post_type=product&#038;p=10951"},"modified":"2024-02-19T12:56:44","modified_gmt":"2024-02-19T09:56:44","slug":"asma-tavan-ekipmanlari","status":"publish","type":"product","link":"https:\/\/ipektasyalitim.com\/en\/product\/asma-tavan-ekipmanlari\/","title":{"rendered":"AL\u00c7IPAN DUVAR PANELLER\u0130 | Hafif, Dayan\u0131kl\u0131 ve Uygun Fiyat"},"content":{"rendered":"<div class=\"markdown markdown-main-panel ui-v2-enabled\" dir=\"ltr\">\n<p>&nbsp;<\/p>\n<p data-sourcepos=\"21:1-21:208\"><strong>Al\u00e7\u0131pan duvar panelleri,<\/strong> al\u00e7\u0131 ve sel\u00fcloz liflerinden olu\u015fan, <strong>hafif, dayan\u0131kl\u0131<\/strong> ve <strong>estetik<\/strong> duvar kaplama malzemeleridir. B\u00f6lme duvar ve dekoratif duvar kaplama gibi \u00e7e\u015fitli alanlarda kullan\u0131labilir.<\/p>\n<p data-sourcepos=\"23:1-23:43\"><strong>Al\u00e7\u0131pan Duvar Panellerinin \u00d6zellikleri:<\/strong><\/p>\n<ul data-sourcepos=\"25:1-27:46\">\n<li data-sourcepos=\"25:1-25:67\"><strong>Hafif:<\/strong> Duvarlara fazla y\u00fck bindirmeden uygulama imkan\u0131 sunar.<\/li>\n<li data-sourcepos=\"26:1-26:63\"><strong>Dayan\u0131kl\u0131:<\/strong> Darbelere ve a\u015f\u0131nmalara kar\u015f\u0131 diren\u00e7 g\u00f6sterir.<\/li>\n<li data-sourcepos=\"27:1-27:46\"><strong>Estetik:<\/strong> Farkl\u0131 renk ve doku se\u00e7enekleri ile her zevke ve ihtiyaca uygun \u00e7\u00f6z\u00fcmler sunar.<\/li>\n<li data-sourcepos=\"28:1-28:66\"><strong>Kolay Uygulama:<\/strong> Kolay ve h\u0131zl\u0131 bir \u015fekilde monte edilebilir.<\/li>\n<li data-sourcepos=\"29:1-29:56\"><strong>Yang\u0131na Dayan\u0131kl\u0131l\u0131k:<\/strong> A1 s\u0131n\u0131f\u0131 yanmaz malzemedir.<\/li>\n<li data-sourcepos=\"30:1-30:54\"><strong>Ses Yal\u0131t\u0131m\u0131:<\/strong> D\u0131\u015f sesleri engellemede etkilidir.<\/li>\n<li data-sourcepos=\"31:1-32:0\"><strong>Is\u0131 Yal\u0131t\u0131m\u0131:<\/strong> Enerji tasarrufu sa\u011flar.<\/li>\n<\/ul>\n<p data-sourcepos=\"33:1-33:66\"><strong>Al\u00e7\u0131pan Duvar Panelleri ile Duvarlar\u0131n\u0131za Kazand\u0131racaklar\u0131n\u0131z:<\/strong><\/p>\n<ul data-sourcepos=\"35:1-40:0\">\n<li data-sourcepos=\"35:1-35:33\"><strong>Hafif ve dayan\u0131kl\u0131 duvarlar<\/strong><\/li>\n<li data-sourcepos=\"36:1-36:31\"><strong>Estetik ve modern g\u00f6r\u00fcn\u00fcm<\/strong><\/li>\n<li data-sourcepos=\"37:1-37:20\"><strong>Kolay uygulama<\/strong><\/li>\n<li data-sourcepos=\"38:1-38:22\"><strong>Yang\u0131n g\u00fcvenli\u011fi<\/strong><\/li>\n<li data-sourcepos=\"39:1-40:0\"><strong>Ses ve \u0131s\u0131 yal\u0131t\u0131m\u0131<\/strong><\/li>\n<\/ul>\n<p data-sourcepos=\"41:1-41:166\"><strong>Al\u00e7\u0131pan Duvar Panelleri:<\/strong> Duvarlar\u0131n\u0131z i\u00e7in en <strong>g\u00fcvenilir, pratik ve estetik<\/strong> \u00e7\u00f6z\u00fcm. Hemen <strong>daha fazla bilgi<\/strong> edinin ve <strong>hayallerinizdeki duvarlara<\/strong> kavu\u015fun.<\/p>\n<p data-sourcepos=\"49:1-49:16\">\n<\/div>","protected":false},"excerpt":{"rendered":"<p><strong>Al\u00e7\u0131pan duvar panelleri,<\/strong> al\u00e7\u0131 ve sel\u00fcloz liflerinden olu\u015fan, <strong>hafif, dayan\u0131kl\u0131<\/strong> ve <strong>estetik<\/strong> duvar kaplama malzemeleridir. B\u00f6lme duvar ve dekoratif duvar kaplama gibi \u00e7e\u015fitli alanlarda kullan\u0131labilir.<\/p>","protected":false},"featured_media":10844,"comment_status":"open","ping_status":"closed","template":"","meta":[],"product_cat":[38,42],"product_tag":[],"class_list":{"0":"post-10951","1":"product","2":"type-product","3":"status-publish","4":"has-post-thumbnail","6":"product_cat-genel","7":"product_cat-alci-levha-ve-profiller","9":"first","10":"instock","11":"shipping-taxable","12":"product-type-simple"},"_links":{"self":[{"href":"https:\/\/ipektasyalitim.com\/en\/wp-json\/wp\/v2\/product\/10951","targetHints":{"allow":["GET"]}}],"collection":[{"href":"https:\/\/ipektasyalitim.com\/en\/wp-json\/wp\/v2\/product"}],"about":[{"href":"https:\/\/ipektasyalitim.com\/en\/wp-json\/wp\/v2\/types\/product"}],"replies":[{"embeddable":true,"href":"https:\/\/ipektasyalitim.com\/en\/wp-json\/wp\/v2\/comments?post=10951"}],"wp:featuredmedia":[{"embeddable":true,"href":"https:\/\/ipektasyalitim.com\/en\/wp-json\/wp\/v2\/media\/10844"}],"wp:attachment":[{"href":"https:\/\/ipektasyalitim.com\/en\/wp-json\/wp\/v2\/media?parent=10951"}],"wp:term":[{"taxonomy":"product_cat","embeddable":true,"href":"https:\/\/ipektasyalitim.com\/en\/wp-json\/wp\/v2\/product_cat?post=10951"},{"taxonomy":"product_tag","embeddable":true,"href":"https:\/\/ipektasyalitim.com\/en\/wp-json\/wp\/v2\/product_tag?post=10951"}],"curies":[{"name":"wp","href":"https:\/\/api.w.org\/{rel}","templated":true}]}}