{"id":10952,"date":"2024-01-24T04:06:09","date_gmt":"2024-01-24T01:06:09","guid":{"rendered":"https:\/\/ipektasyalitim.com\/?post_type=product&#038;p=10952"},"modified":"2024-02-19T12:59:39","modified_gmt":"2024-02-19T09:59:39","slug":"bims","status":"publish","type":"product","link":"https:\/\/ipektasyalitim.com\/en\/product\/bims\/","title":{"rendered":"B\u0130MS | Hafif, Dayan\u0131kl\u0131 ve Do\u011fal Yap\u0131 Malzemesi"},"content":{"rendered":"<p data-sourcepos=\"20:1-20:50\"><strong>Bims,<\/strong> volkanik patlamalar sonucu olu\u015fmu\u015f, <strong>hafif, dayan\u0131kl\u0131<\/strong> ve <strong>do\u011fal<\/strong> bir yap\u0131 malzemesidir. Beton agregas\u0131 ve yol yap\u0131m\u0131nda kullan\u0131l\u0131r. Ayr\u0131ca, \u0131s\u0131 ve ses yal\u0131t\u0131m \u00f6zelli\u011fi sayesinde binalarda duvar \u00f6rme ve s\u0131va yap\u0131m\u0131nda da tercih edilir.<\/p>\n<p data-sourcepos=\"22:1-22:24\"><strong>Bims&#8217;in \u00d6zellikleri:<\/strong><\/p>\n<ul data-sourcepos=\"24:1-27:13\">\n<li data-sourcepos=\"24:1-24:67\"><strong>Hafif:<\/strong>\u00a0Duvarlara fazla y\u00fck bindirmeden uygulama imkan\u0131 sunar.<\/li>\n<li data-sourcepos=\"25:1-25:63\"><strong>Dayan\u0131kl\u0131:<\/strong>\u00a0Darbelere ve a\u015f\u0131nmalara kar\u015f\u0131 diren\u00e7 g\u00f6sterir.<\/li>\n<li data-sourcepos=\"26:1-26:40\"><strong>Do\u011fal:<\/strong>\u00a0\u00c7evre dostu bir malzemedir.<\/li>\n<li data-sourcepos=\"27:1-27:13\"><strong>Yanmaz:<\/strong>\u00a0A1 s\u0131n\u0131f\u0131 yanmaz malzemedir.<\/li>\n<li data-sourcepos=\"28:1-28:44\"><strong>Is\u0131 Yal\u0131t\u0131m\u0131:<\/strong>\u00a0Enerji tasarrufu sa\u011flar.<\/li>\n<li data-sourcepos=\"29:1-30:0\"><strong>Ses Yal\u0131t\u0131m\u0131:<\/strong>\u00a0D\u0131\u015f sesleri engellemede etkilidir.<\/li>\n<\/ul>\n<p data-sourcepos=\"31:1-31:30\"><strong>Bims&#8217;in Kullan\u0131m Alanlar\u0131:<\/strong><\/p>\n<ul data-sourcepos=\"33:1-38:0\">\n<li data-sourcepos=\"33:1-33:16\">Beton agregas\u0131<\/li>\n<li data-sourcepos=\"34:1-34:15\">Yol yap\u0131m\u0131nda<\/li>\n<li data-sourcepos=\"35:1-35:12\">Duvar \u00f6rme<\/li>\n<li data-sourcepos=\"36:1-36:16\">S\u0131va yap\u0131m\u0131nda<\/li>\n<li data-sourcepos=\"37:1-38:0\">Perlit<\/li>\n<\/ul>\n<p data-sourcepos=\"39:1-39:46\"><strong>Bims ile Yap\u0131lar\u0131n\u0131za Kazand\u0131racaklar\u0131n\u0131z:<\/strong><\/p>\n<ul data-sourcepos=\"41:1-46:0\">\n<li data-sourcepos=\"41:1-41:32\"><strong>Hafif ve dayan\u0131kl\u0131 yap\u0131lar<\/strong><\/li>\n<li data-sourcepos=\"42:1-42:25\"><strong>Is\u0131 ve ses yal\u0131t\u0131m\u0131<\/strong><\/li>\n<li data-sourcepos=\"43:1-43:22\"><strong>Yang\u0131n g\u00fcvenli\u011fi<\/strong><\/li>\n<li data-sourcepos=\"44:1-44:22\"><strong>Enerji tasarrufu<\/strong><\/li>\n<li data-sourcepos=\"45:1-46:0\"><strong>\u00c7evre dostu<\/strong><\/li>\n<\/ul>\n<p data-sourcepos=\"47:1-47:152\"><strong>Bims:<\/strong> Yap\u0131lar i\u00e7in en <strong>g\u00fcvenilir, pratik, do\u011fal ve \u00e7evre dostu<\/strong> \u00e7\u00f6z\u00fcm. Hemen <strong>daha fazla bilgi<\/strong> edinin ve <strong>hayallerinizdeki yap\u0131lara<\/strong> kavu\u015fun.<\/p>","protected":false},"excerpt":{"rendered":"<p>Bims, volkanik patlamalar sonucu olu\u015fmu\u015f, hafif, dayan\u0131kl\u0131 ve do\u011fal bir yap\u0131 malzemesidir. Beton agregas\u0131 ve yol yap\u0131m\u0131nda kullan\u0131l\u0131r. Ayr\u0131ca, \u0131s\u0131 ve ses yal\u0131t\u0131m \u00f6zelli\u011fi sayesinde binalarda duvar \u00f6rme ve s\u0131va yap\u0131m\u0131nda da tercih edilir. Bims&#8217;in \u00d6zellikleri: Hafif:\u00a0Duvarlara fazla y\u00fck bindirmeden uygulama imkan\u0131 sunar. Dayan\u0131kl\u0131:\u00a0Darbelere ve a\u015f\u0131nmalara kar\u015f\u0131 diren\u00e7 g\u00f6sterir. Do\u011fal:\u00a0\u00c7evre dostu bir malzemedir. Yanmaz:\u00a0A1 s\u0131n\u0131f\u0131 [&hellip;]<\/p>","protected":false},"featured_media":10593,"comment_status":"open","ping_status":"closed","template":"","meta":[],"product_cat":[38,43],"product_tag":[147,143,152,76,145,150,65,131,70,100,154,155,149,151,144,66,153,146,148],"class_list":{"0":"post-10952","1":"product","2":"type-product","3":"status-publish","4":"has-post-thumbnail","6":"product_cat-genel","7":"product_cat-duvar-malzemeleri","8":"product_tag-beton-agregasi","9":"product_tag-bims","10":"product_tag-cevre-dostu","11":"product_tag-dayanikli","12":"product_tag-dogal","13":"product_tag-duvar-orme","14":"product_tag-enerji-tasarrufu","15":"product_tag-guvenilir","16":"product_tag-hafif","17":"product_tag-isi-yalitimi","18":"product_tag-perlit","19":"product_tag-pratik","20":"product_tag-ses-yalitimi","21":"product_tag-siva-yapimi","22":"product_tag-volkanik-patlamalar-sonucu-olusmus","23":"product_tag-yangin-guvenligi","24":"product_tag-yanmaz","25":"product_tag-yapi-malzemesi","26":"product_tag-yol-yapimi","28":"first","29":"instock","30":"shipping-taxable","31":"product-type-simple"},"_links":{"self":[{"href":"https:\/\/ipektasyalitim.com\/en\/wp-json\/wp\/v2\/product\/10952","targetHints":{"allow":["GET"]}}],"collection":[{"href":"https:\/\/ipektasyalitim.com\/en\/wp-json\/wp\/v2\/product"}],"about":[{"href":"https:\/\/ipektasyalitim.com\/en\/wp-json\/wp\/v2\/types\/product"}],"replies":[{"embeddable":true,"href":"https:\/\/ipektasyalitim.com\/en\/wp-json\/wp\/v2\/comments?post=10952"}],"wp:featuredmedia":[{"embeddable":true,"href":"https:\/\/ipektasyalitim.com\/en\/wp-json\/wp\/v2\/media\/10593"}],"wp:attachment":[{"href":"https:\/\/ipektasyalitim.com\/en\/wp-json\/wp\/v2\/media?parent=10952"}],"wp:term":[{"taxonomy":"product_cat","embeddable":true,"href":"https:\/\/ipektasyalitim.com\/en\/wp-json\/wp\/v2\/product_cat?post=10952"},{"taxonomy":"product_tag","embeddable":true,"href":"https:\/\/ipektasyalitim.com\/en\/wp-json\/wp\/v2\/product_tag?post=10952"}],"curies":[{"name":"wp","href":"https:\/\/api.w.org\/{rel}","templated":true}]}}