{"id":10955,"date":"2024-01-24T04:07:31","date_gmt":"2024-01-24T01:07:31","guid":{"rendered":"https:\/\/ipektasyalitim.com\/?post_type=product&#038;p=10955"},"modified":"2024-02-19T13:06:11","modified_gmt":"2024-02-19T10:06:11","slug":"kalibel-levha","status":"publish","type":"product","link":"https:\/\/ipektasyalitim.com\/en\/product\/kalibel-levha\/","title":{"rendered":"Kalibel Levha | Duvar Yal\u0131t\u0131m\u0131 i\u00e7in Sa\u011fl\u0131kl\u0131 ve Etkili | Yal\u0131t\u0131m Malzemesi"},"content":{"rendered":"<div class=\"markdown markdown-main-panel ui-v2-enabled\" dir=\"ltr\">\n<p data-sourcepos=\"20:1-20:38\"><strong>Kalibel levha,<\/strong> bir y\u00fcz\u00fc al\u00e7\u0131 levha, di\u011fer y\u00fcz\u00fc camy\u00fcn\u00fc veya ta\u015fy\u00fcn\u00fc ile kapl\u0131, <strong>yal\u0131t\u0131m ve ses izolasyonu<\/strong> sa\u011flayan kompozit bir levhad\u0131r. Duvarlarda \u0131s\u0131 ve ses yal\u0131t\u0131m\u0131 i\u00e7in kullan\u0131l\u0131r.<\/p>\n<p data-sourcepos=\"22:1-22:33\"><strong>Kalibel Levhan\u0131n \u00d6zellikleri:<\/strong><\/p>\n<ul data-sourcepos=\"24:1-27:33\">\n<li data-sourcepos=\"24:1-24:44\"><strong>Is\u0131 Yal\u0131t\u0131m\u0131:<\/strong> Enerji tasarrufu sa\u011flar.<\/li>\n<li data-sourcepos=\"25:1-25:54\"><strong>Ses Yal\u0131t\u0131m\u0131:<\/strong> D\u0131\u015f sesleri engellemede etkilidir.<\/li>\n<li data-sourcepos=\"26:1-26:57\"><strong>Yo\u011fu\u015fma \u00d6nleyici:<\/strong> K\u00fcf ve mantar olu\u015fumunu engeller.<\/li>\n<li data-sourcepos=\"27:1-27:33\"><strong>Kolay Uygulama:<\/strong> H\u0131zl\u0131 ve pratik bir \u015fekilde monte edilebilir.<\/li>\n<li data-sourcepos=\"28:1-28:53\"><strong>Yang\u0131na Dayan\u0131kl\u0131:<\/strong> A1 s\u0131n\u0131f\u0131 yanmaz malzemedir.<\/li>\n<li data-sourcepos=\"29:1-30:0\"><strong>Sa\u011fl\u0131kl\u0131 Yap\u0131 Malzemesi:<\/strong> \u00c7evre dostu ve insan sa\u011fl\u0131\u011f\u0131 i\u00e7in zarars\u0131zd\u0131r.<\/li>\n<\/ul>\n<p data-sourcepos=\"31:1-31:39\"><strong>Kalibel Levhan\u0131n Kullan\u0131m Alanlar\u0131:<\/strong><\/p>\n<ul data-sourcepos=\"33:1-37:0\">\n<li data-sourcepos=\"33:1-33:20\">D\u0131\u015f duvar yal\u0131t\u0131m\u0131<\/li>\n<li data-sourcepos=\"34:1-34:19\">\u0130\u00e7 duvar yal\u0131t\u0131m\u0131<\/li>\n<li data-sourcepos=\"35:1-35:22\">B\u00f6lme duvar yal\u0131t\u0131m\u0131<\/li>\n<li data-sourcepos=\"36:1-37:0\">Tavan yal\u0131t\u0131m\u0131<\/li>\n<\/ul>\n<p data-sourcepos=\"38:1-38:56\"><strong>Kalibel Levha ile Duvarlar\u0131n\u0131za Kazand\u0131racaklar\u0131n\u0131z:<\/strong><\/p>\n<ul data-sourcepos=\"40:1-45:0\">\n<li data-sourcepos=\"40:1-40:38\"><strong>Daha s\u0131cak ve konforlu bir ortam<\/strong><\/li>\n<li data-sourcepos=\"41:1-41:27\"><strong>Daha sessiz bir ortam<\/strong><\/li>\n<li data-sourcepos=\"42:1-42:22\"><strong>Enerji tasarrufu<\/strong><\/li>\n<li data-sourcepos=\"43:1-43:34\"><strong>Sa\u011fl\u0131kl\u0131 bir i\u00e7 mekan ortam\u0131<\/strong><\/li>\n<li data-sourcepos=\"44:1-45:0\"><strong>Yang\u0131n g\u00fcvenli\u011fi<\/strong><\/li>\n<\/ul>\n<p data-sourcepos=\"46:1-46:172\"><strong>Kalibel Levha:<\/strong> Duvarlar\u0131n\u0131z i\u00e7in en <strong>g\u00fcvenilir, pratik, sa\u011fl\u0131kl\u0131 ve etkili<\/strong> yal\u0131t\u0131m \u00e7\u00f6z\u00fcm\u00fc. Hemen <strong>daha fazla bilgi<\/strong> edinin ve <strong>hayallerinizdeki konfora<\/strong> kavu\u015fun.<\/p>\n<p data-sourcepos=\"48:1-48:98\"><strong>Not:<\/strong> Bu bilgiler sadece bir \u00f6rnektir. \u00dcr\u00fcn ve hedef kitleye g\u00f6re a\u00e7\u0131klama \u00f6zelle\u015ftirilmelidir.<\/p>\n<p data-sourcepos=\"50:1-50:15\"><strong>G\u00f6rsel SEO:<\/strong><\/p>\n<ul data-sourcepos=\"52:1-52:8\">\n<li data-sourcepos=\"52:1-52:8\">G\u00f6rselde Kalibel levhan\u0131n farkl\u0131 uygulama \u00f6rnekleri g\u00f6sterilmelidir.<\/li>\n<li data-sourcepos=\"53:1-53:63\">G\u00f6rselde Kalibel levha markas\u0131 belirgin \u015fekilde g\u00f6r\u00fcnmelidir.<\/li>\n<li data-sourcepos=\"54:1-55:0\">G\u00f6rsel y\u00fcksek kalitede ve anahtar kelimelerle optimize edilmi\u015f olmal\u0131d\u0131r.<\/li>\n<\/ul>\n<p data-sourcepos=\"56:1-56:22\"><strong>Anahtar Kelimeler:<\/strong><\/p>\n<ul data-sourcepos=\"58:1-68:0\">\n<li data-sourcepos=\"58:1-58:15\">Kalibel Levha<\/li>\n<li data-sourcepos=\"59:1-59:16\">Duvar Yal\u0131t\u0131m\u0131<\/li>\n<li data-sourcepos=\"60:1-60:14\">Ses Yal\u0131t\u0131m\u0131<\/li>\n<li data-sourcepos=\"61:1-61:14\">Is\u0131 Yal\u0131t\u0131m\u0131<\/li>\n<li data-sourcepos=\"62:1-62:9\">Camy\u00fcn\u00fc<\/li>\n<li data-sourcepos=\"63:1-63:12\">Al\u00e7\u0131 Levha<\/li>\n<li data-sourcepos=\"64:1-64:18\">Yo\u011fu\u015fma \u00d6nleyici<\/li>\n<li data-sourcepos=\"65:1-65:16\">Kolay Uygulama<\/li>\n<li data-sourcepos=\"66:1-66:19\">Yang\u0131na Dayan\u0131kl\u0131<\/li>\n<li data-sourcepos=\"67:1-68:0\">Sa\u011fl\u0131kl\u0131 Yap\u0131 Malzemesi<\/li>\n<\/ul>\n<p data-sourcepos=\"81:1-81:52\">\n<\/div>","protected":false},"excerpt":{"rendered":"<p>Kalibel levha, bir y\u00fcz\u00fc al\u00e7\u0131 levha, di\u011fer y\u00fcz\u00fc camy\u00fcn\u00fc veya ta\u015fy\u00fcn\u00fc ile kapl\u0131, yal\u0131t\u0131m ve ses izolasyonu sa\u011flayan kompozit bir levhad\u0131r. Duvarlarda \u0131s\u0131 ve ses yal\u0131t\u0131m\u0131 i\u00e7in kullan\u0131l\u0131r. Kalibel Levhan\u0131n \u00d6zellikleri: Is\u0131 Yal\u0131t\u0131m\u0131: Enerji tasarrufu sa\u011flar. Ses Yal\u0131t\u0131m\u0131: D\u0131\u015f sesleri engellemede etkilidir. Yo\u011fu\u015fma \u00d6nleyici: K\u00fcf ve mantar olu\u015fumunu engeller. Kolay Uygulama: H\u0131zl\u0131 ve pratik bir [&hellip;]<\/p>","protected":false},"featured_media":10595,"comment_status":"open","ping_status":"closed","template":"","meta":[],"product_cat":[38,43],"product_tag":[167,177,168,152,175,133,65,131,176,100,166,51,172,180,164,155,179,174,171,149,169,178,170,66,69,173],"class_list":{"0":"post-10955","1":"product","2":"type-product","3":"status-publish","4":"has-post-thumbnail","6":"product_cat-genel","7":"product_cat-duvar-malzemeleri","8":"product_tag-alci-levha","9":"product_tag-bolme-duvar-yalitimi","10":"product_tag-camyunu","11":"product_tag-cevre-dostu","12":"product_tag-dis-duvar-yalitimi","13":"product_tag-duvarlar","14":"product_tag-enerji-tasarrufu","15":"product_tag-guvenilir","16":"product_tag-ic-duvar-yalitimi","17":"product_tag-isi-yalitimi","18":"product_tag-kalibel-levha","19":"product_tag-kolay-uygulama","20":"product_tag-kompozit-levha","21":"product_tag-konforlu-ortam","22":"product_tag-kullanim-alanlari","23":"product_tag-pratik","24":"product_tag-saglikli-ic-mekan","25":"product_tag-saglikli-yapi-malzemesi","26":"product_tag-ses-izolasyonu","27":"product_tag-ses-yalitimi","28":"product_tag-tasyunu","29":"product_tag-tavan-yalitimi","30":"product_tag-yalitim","31":"product_tag-yangin-guvenligi","32":"product_tag-yangina-dayanikli","33":"product_tag-yogusma-onleyici","35":"first","36":"instock","37":"shipping-taxable","38":"product-type-simple"},"_links":{"self":[{"href":"https:\/\/ipektasyalitim.com\/en\/wp-json\/wp\/v2\/product\/10955","targetHints":{"allow":["GET"]}}],"collection":[{"href":"https:\/\/ipektasyalitim.com\/en\/wp-json\/wp\/v2\/product"}],"about":[{"href":"https:\/\/ipektasyalitim.com\/en\/wp-json\/wp\/v2\/types\/product"}],"replies":[{"embeddable":true,"href":"https:\/\/ipektasyalitim.com\/en\/wp-json\/wp\/v2\/comments?post=10955"}],"wp:featuredmedia":[{"embeddable":true,"href":"https:\/\/ipektasyalitim.com\/en\/wp-json\/wp\/v2\/media\/10595"}],"wp:attachment":[{"href":"https:\/\/ipektasyalitim.com\/en\/wp-json\/wp\/v2\/media?parent=10955"}],"wp:term":[{"taxonomy":"product_cat","embeddable":true,"href":"https:\/\/ipektasyalitim.com\/en\/wp-json\/wp\/v2\/product_cat?post=10955"},{"taxonomy":"product_tag","embeddable":true,"href":"https:\/\/ipektasyalitim.com\/en\/wp-json\/wp\/v2\/product_tag?post=10955"}],"curies":[{"name":"wp","href":"https:\/\/api.w.org\/{rel}","templated":true}]}}