{"id":10959,"date":"2024-01-24T04:09:32","date_gmt":"2024-01-24T01:09:32","guid":{"rendered":"https:\/\/ipektasyalitim.com\/?post_type=product&#038;p=10959"},"modified":"2024-02-19T13:25:47","modified_gmt":"2024-02-19T10:25:47","slug":"ankraj-lamalari","status":"publish","type":"product","link":"https:\/\/ipektasyalitim.com\/en\/product\/ankraj-lamalari\/","title":{"rendered":"Ankraj Lamalar\u0131 |  Ankraj Lama Kolay Uygulama"},"content":{"rendered":"<div class=\"markdown markdown-main-panel ui-v2-enabled\" dir=\"ltr\">\n<p data-sourcepos=\"3:1-3:47\"><strong>Dayan\u0131kl\u0131 ve sa\u011flam<\/strong> ba\u011flant\u0131 elemanlar\u0131 ile duvarlar\u0131n\u0131z\u0131n ta\u015f\u0131ma kapasitesini art\u0131r\u0131n!<\/p>\n<p data-sourcepos=\"5:1-5:15\"><strong>\u00d6zellikler:<\/strong><\/p>\n<ul data-sourcepos=\"7:1-8:1\">\n<li data-sourcepos=\"7:1-7:39\"><strong>Malzeme:<\/strong> Y\u00fcksek mukavemetli \u00e7elik<\/li>\n<li data-sourcepos=\"8:1-8:1\"><strong>Dayan\u0131kl\u0131l\u0131k:<\/strong> Uzun \u00f6m\u00fcrl\u00fc<\/li>\n<li data-sourcepos=\"9:1-9:68\"><strong>Ta\u015f\u0131ma Kapasitesi:<\/strong> Duvarlara y\u00fcksek ta\u015f\u0131ma kapasitesi kazand\u0131r\u0131r<\/li>\n<li data-sourcepos=\"10:1-10:31\"><strong>Uygulama:<\/strong> H\u0131zl\u0131 ve pratik<\/li>\n<li data-sourcepos=\"11:1-12:0\"><strong>\u00c7e\u015fitlilik:<\/strong> Farkl\u0131 boyutlarda ve kal\u0131nl\u0131klarda<\/li>\n<\/ul>\n<p data-sourcepos=\"13:1-13:22\"><strong>Kullan\u0131m Alanlar\u0131:<\/strong><\/p>\n<ul data-sourcepos=\"15:1-21:0\">\n<li data-sourcepos=\"15:1-15:52\">Duvarlar\u0131n kolonlara ve di\u011fer duvarlara ba\u011flanmas\u0131<\/li>\n<li data-sourcepos=\"16:1-16:19\">Duvar \u00f6rme i\u015flemi<\/li>\n<li data-sourcepos=\"17:1-17:26\">Duvar kaplama sistemleri<\/li>\n<li data-sourcepos=\"18:1-18:19\">Prefabrik yap\u0131lar<\/li>\n<li data-sourcepos=\"19:1-19:23\">Asma tavan sistemleri<\/li>\n<li data-sourcepos=\"20:1-21:0\">A\u011f\u0131r y\u00fck ta\u015f\u0131yan raf ve dolaplar\u0131n duvara montaj\u0131<\/li>\n<\/ul>\n<p data-sourcepos=\"22:1-22:58\"><strong>Ankraj Lamalar\u0131 ile Duvarlar\u0131n\u0131za Kazand\u0131racaklar\u0131n\u0131z:<\/strong><\/p>\n<ul data-sourcepos=\"24:1-28:10\">\n<li data-sourcepos=\"24:1-24:35\">Daha sa\u011flam ve dayan\u0131kl\u0131 duvarlar<\/li>\n<li data-sourcepos=\"25:1-25:31\">Artt\u0131r\u0131lm\u0131\u015f ta\u015f\u0131ma kapasitesi<\/li>\n<li data-sourcepos=\"26:1-26:36\">G\u00fcvenli ve uzun \u00f6m\u00fcrl\u00fc ba\u011flant\u0131lar<\/li>\n<li data-sourcepos=\"27:1-27:25\">Kolay ve h\u0131zl\u0131 uygulama<\/li>\n<li data-sourcepos=\"28:1-28:10\">Zaman ve i\u015f tasarrufu<\/li>\n<\/ul>\n<p data-sourcepos=\"30:1-30:98\"><strong>Ankraj Lamalar\u0131:<\/strong> Duvarlar\u0131n\u0131z\u0131n g\u00fcc\u00fcn\u00fc art\u0131rmak i\u00e7in en <strong>g\u00fcvenilir, pratik ve sa\u011flam<\/strong> \u00e7\u00f6z\u00fcm.<\/p>\n<\/div>","protected":false},"excerpt":{"rendered":"<p>Dayan\u0131kl\u0131 ve sa\u011flam ba\u011flant\u0131 elemanlar\u0131 ile duvarlar\u0131n\u0131z\u0131n ta\u015f\u0131ma kapasitesini art\u0131r\u0131n! \u00d6zellikler: Malzeme: Y\u00fcksek mukavemetli \u00e7elik Dayan\u0131kl\u0131l\u0131k: Uzun \u00f6m\u00fcrl\u00fc Ta\u015f\u0131ma Kapasitesi: Duvarlara y\u00fcksek ta\u015f\u0131ma kapasitesi kazand\u0131r\u0131r Uygulama: H\u0131zl\u0131 ve pratik \u00c7e\u015fitlilik: Farkl\u0131 boyutlarda ve kal\u0131nl\u0131klarda Kullan\u0131m Alanlar\u0131: Duvarlar\u0131n kolonlara ve di\u011fer duvarlara ba\u011flanmas\u0131 Duvar \u00f6rme i\u015flemi Duvar kaplama sistemleri Prefabrik yap\u0131lar Asma tavan sistemleri A\u011f\u0131r y\u00fck [&hellip;]<\/p>","protected":false},"featured_media":10599,"comment_status":"open","ping_status":"closed","template":"","meta":[],"product_cat":[38,43],"product_tag":[205,198,204,199,114,207,76,202,150,133,206,81,201,129,195,187,155,203,47,200,80,128],"class_list":{"0":"post-10959","1":"product","2":"type-product","3":"status-publish","4":"has-post-thumbnail","6":"product_cat-genel","7":"product_cat-duvar-malzemeleri","8":"product_tag-agir-yuk","9":"product_tag-ankraj-lamalari","10":"product_tag-asma-tavan-sistemleri","11":"product_tag-baglanti-elemanlari","12":"product_tag-cesitlilik","13":"product_tag-cozum","14":"product_tag-dayanikli","15":"product_tag-duvar-kaplama-sistemleri","16":"product_tag-duvar-orme","17":"product_tag-duvarlar","18":"product_tag-guc","19":"product_tag-guvenli","20":"product_tag-hizli","21":"product_tag-is-tasarrufu","22":"product_tag-montaj","23":"product_tag-mukavemetli-celik","24":"product_tag-pratik","25":"product_tag-prefabrik-yapilar","26":"product_tag-saglam","27":"product_tag-tasima-kapasitesi","28":"product_tag-uzun-omurlu","29":"product_tag-zaman-tasarrufu","31":"first","32":"instock","33":"shipping-taxable","34":"product-type-simple"},"_links":{"self":[{"href":"https:\/\/ipektasyalitim.com\/en\/wp-json\/wp\/v2\/product\/10959","targetHints":{"allow":["GET"]}}],"collection":[{"href":"https:\/\/ipektasyalitim.com\/en\/wp-json\/wp\/v2\/product"}],"about":[{"href":"https:\/\/ipektasyalitim.com\/en\/wp-json\/wp\/v2\/types\/product"}],"replies":[{"embeddable":true,"href":"https:\/\/ipektasyalitim.com\/en\/wp-json\/wp\/v2\/comments?post=10959"}],"wp:featuredmedia":[{"embeddable":true,"href":"https:\/\/ipektasyalitim.com\/en\/wp-json\/wp\/v2\/media\/10599"}],"wp:attachment":[{"href":"https:\/\/ipektasyalitim.com\/en\/wp-json\/wp\/v2\/media?parent=10959"}],"wp:term":[{"taxonomy":"product_cat","embeddable":true,"href":"https:\/\/ipektasyalitim.com\/en\/wp-json\/wp\/v2\/product_cat?post=10959"},{"taxonomy":"product_tag","embeddable":true,"href":"https:\/\/ipektasyalitim.com\/en\/wp-json\/wp\/v2\/product_tag?post=10959"}],"curies":[{"name":"wp","href":"https:\/\/api.w.org\/{rel}","templated":true}]}}