{"id":10975,"date":"2024-01-24T10:23:58","date_gmt":"2024-01-24T07:23:58","guid":{"rendered":"https:\/\/ipektasyalitim.com\/?post_type=product&#038;p=10975"},"modified":"2024-02-19T02:08:27","modified_gmt":"2024-02-18T23:08:27","slug":"fibercement","status":"publish","type":"product","link":"https:\/\/ipektasyalitim.com\/en\/product\/fibercement\/","title":{"rendered":"F\u0130BER\u00c7\u0130MENTO Levhalar | D\u0131\u015f Cephe Kaplama \u00dcr\u00fcnleri"},"content":{"rendered":"<p style=\"margin: 1rem 0px; white-space-collapse: preserve; word-break: break-word; color: #e3e3e3; font-family: 'Google Sans', 'Helvetica Neue', sans-serif; background-color: #131314;\" data-sourcepos=\"11:1-11:66\"><span style=\"font-weight: bold;\">Fiber\u00e7imento levhalar,<\/span> \u00e7imento, sel\u00fcloz lifleri ve di\u011fer katk\u0131 maddelerinin bir araya getirilmesiyle \u00fcretilen, <span style=\"font-weight: bold;\">dayan\u0131kl\u0131<\/span>, <span style=\"font-weight: bold;\">estetik<\/span> ve <span style=\"font-weight: bold;\">\u00e7ok y\u00f6nl\u00fc<\/span> bir d\u0131\u015f cephe kaplama malzemesidir. Binalar\u0131n\u0131za <span style=\"font-weight: bold;\">modern ve g\u00f6z al\u0131c\u0131 bir g\u00f6r\u00fcn\u00fcm<\/span> kazand\u0131r\u0131rken, <span style=\"font-weight: bold;\">ayn\u0131 zamanda uzun \u00f6m\u00fcrl\u00fc<\/span>, <span style=\"font-weight: bold;\">g\u00fcvenli<\/span> ve <span style=\"font-weight: bold;\">enerji tasarrufu<\/span> provides.<\/p>\n<p>&nbsp;<\/p>\n<p style=\"margin: 1rem 0px; white-space-collapse: preserve; word-break: break-word; color: #e3e3e3; font-family: 'Google Sans', 'Helvetica Neue', sans-serif; background-color: #131314;\" data-sourcepos=\"13:1-13:40\"><span style=\"font-weight: bold;\">Fiber\u00e7imento Levhalar\u0131n \u00d6zellikleri:<\/span><\/p>\n<p style=\"margin: 1rem 0px; white-space-collapse: preserve; word-break: break-word; color: #e3e3e3; font-family: 'Google Sans', 'Helvetica Neue', sans-serif; background-color: #131314;\" data-sourcepos=\"15:1-15:95\"><span style=\"font-weight: bold;\">Dayan\u0131kl\u0131l\u0131k:<\/span> Darbelere, a\u015f\u0131nmalara, <span style=\"font-weight: bold;\">yo\u011fun ya\u011f\u0131\u015flara<\/span>, <span style=\"font-weight: bold;\">r\u00fczgara<\/span> ve <span style=\"font-weight: bold;\">kars\u0131zl\u0131k<\/span> gibi zorlu hava ko\u015fullar\u0131na kar\u015f\u0131 <span style=\"font-weight: bold;\">y\u00fcksek diren\u00e7<\/span> g\u00f6sterir.<\/p>\n<p style=\"margin: 1rem 0px; white-space-collapse: preserve; word-break: break-word; color: #e3e3e3; font-family: 'Google Sans', 'Helvetica Neue', sans-serif; background-color: #131314;\" data-sourcepos=\"17:1-17:168\"><span style=\"font-weight: bold;\">Estetik G\u00f6r\u00fcn\u00fcm:<\/span> Farkl\u0131 renk, doku ve desen se\u00e7enekleri ile <span style=\"font-weight: bold;\">her zevke ve ihtiyaca uygun<\/span> \u00e7\u00f6z\u00fcmler sunar. Binalar\u0131n\u0131za <span style=\"font-weight: bold;\">modern ve \u00f6zg\u00fcn bir g\u00f6r\u00fcn\u00fcm<\/span> kazand\u0131r\u0131r.<\/p>\n<p style=\"margin: 1rem 0px; white-space-collapse: preserve; word-break: break-word; color: #e3e3e3; font-family: 'Google Sans', 'Helvetica Neue', sans-serif; background-color: #131314;\" data-sourcepos=\"19:1-19:89\"><span style=\"font-weight: bold;\">Uzun \u00d6m\u00fcr:<\/span> Bak\u0131m\u0131 kolayd\u0131r ve uzun y\u0131llar boyunca ilk g\u00fcnk\u00fc estetik g\u00f6r\u00fcn\u00fcm\u00fcn\u00fc korur.<\/p>\n<p style=\"margin: 1rem 0px; white-space-collapse: preserve; word-break: break-word; color: #e3e3e3; font-family: 'Google Sans', 'Helvetica Neue', sans-serif; background-color: #131314;\" data-sourcepos=\"21:1-21:78\"><span style=\"font-weight: bold;\">Hafiflik:<\/span> Hafif ve kullan\u0131\u015fl\u0131 olmas\u0131yla <span style=\"font-weight: bold;\">montaj\u0131 kolay<\/span> ve <span style=\"font-weight: bold;\">h\u0131zl\u0131d\u0131r<\/span>.<\/p>\n<p style=\"margin: 1rem 0px; white-space-collapse: preserve; word-break: break-word; color: #e3e3e3; font-family: 'Google Sans', 'Helvetica Neue', sans-serif; background-color: #131314;\" data-sourcepos=\"23:1-23:135\"><span style=\"font-weight: bold;\">Is\u0131 ve Ses Yal\u0131t\u0131m\u0131:<\/span> D\u0131\u015f cephede \u0131s\u0131 ve ses bariyeri olu\u015fturarak <span style=\"font-weight: bold;\">enerji tasarrufu<\/span> sa\u011flar ve <span style=\"font-weight: bold;\">konforlu bir ya\u015fam alan\u0131<\/span> sunar.<\/p>\n<p style=\"margin: 1rem 0px; white-space-collapse: preserve; word-break: break-word; color: #e3e3e3; font-family: 'Google Sans', 'Helvetica Neue', sans-serif; background-color: #131314;\" data-sourcepos=\"25:1-25:107\"><span style=\"font-weight: bold;\">Yang\u0131n Dayan\u0131kl\u0131l\u0131\u011f\u0131:<\/span> A1 s\u0131n\u0131f\u0131 yanmaz malzemedir. Binalar\u0131n\u0131z\u0131n <span style=\"font-weight: bold;\">yang\u0131na kar\u015f\u0131 g\u00fcvenli\u011fini<\/span> art\u0131r\u0131r.<\/p>\n<p style=\"margin: 1rem 0px; white-space-collapse: preserve; word-break: break-word; color: #e3e3e3; font-family: 'Google Sans', 'Helvetica Neue', sans-serif; background-color: #131314;\" data-sourcepos=\"27:1-27:46\"><span style=\"font-weight: bold;\">Fiber\u00e7imento Levhalar\u0131n Kullan\u0131m Alanlar\u0131:<\/span><\/p>\n<ul style=\"margin: 4px 0px; padding-inline-start: 1.125rem; color: #e3e3e3; font-family: 'Google Sans', 'Helvetica Neue', sans-serif; background-color: #131314;\" data-sourcepos=\"29:1-34:12\">\n<li style=\"margin-bottom: 0px;\" data-sourcepos=\"29:1-29:10\">Konutlar<\/li>\n<li style=\"margin-bottom: 0px;\" data-sourcepos=\"30:1-30:16\">Ticari binalar<\/li>\n<li style=\"margin-bottom: 0px;\" data-sourcepos=\"31:1-31:22\">End\u00fcstriyel tesisler<\/li>\n<li style=\"margin-bottom: 0px;\" data-sourcepos=\"32:1-32:18\">E\u011fitim kurumlar\u0131<\/li>\n<li style=\"margin-bottom: 0px;\" data-sourcepos=\"33:1-33:20\">Sa\u011fl\u0131k kurulu\u015flar\u0131<\/li>\n<li style=\"margin-bottom: 0px;\" data-sourcepos=\"34:1-34:12\">Otoparklar<\/li>\n<li style=\"margin-bottom: 0px;\" data-sourcepos=\"35:1-35:9\">Depolar<\/li>\n<li style=\"margin-bottom: 0px;\" data-sourcepos=\"36:1-36:16\">Spor salonlar\u0131<\/li>\n<li style=\"margin-bottom: 0px;\" data-sourcepos=\"37:1-38:0\">Y\u00fczme havuzlar\u0131<\/li>\n<\/ul>\n<p style=\"margin: 1rem 0px; white-space-collapse: preserve; word-break: break-word; color: #e3e3e3; font-family: 'Google Sans', 'Helvetica Neue', sans-serif; background-color: #131314;\" data-sourcepos=\"39:1-39:64\"><span style=\"font-weight: bold;\">Fiber\u00e7imento Levhalar ile D\u0131\u015f Cephenize Kazand\u0131racaklar\u0131n\u0131z:<\/span><\/p>\n<ul style=\"margin: 4px 0px; padding-inline-start: 1.125rem; color: #e3e3e3; font-family: 'Google Sans', 'Helvetica Neue', sans-serif; background-color: #131314;\" data-sourcepos=\"41:1-47:0\">\n<li style=\"margin-bottom: 0px;\" data-sourcepos=\"41:1-41:31\"><span style=\"font-weight: bold;\">Dayan\u0131kl\u0131l\u0131k ve uzun \u00f6m\u00fcr<\/span><\/li>\n<li style=\"margin-bottom: 0px;\" data-sourcepos=\"42:1-42:31\"><span style=\"font-weight: bold;\">Estetik ve modern g\u00f6r\u00fcn\u00fcm<\/span><\/li>\n<li style=\"margin-bottom: 0px;\" data-sourcepos=\"43:1-43:32\"><span style=\"font-weight: bold;\">Hafiflik ve kolay uygulama<\/span><\/li>\n<li style=\"margin-bottom: 0px;\" data-sourcepos=\"44:1-44:22\"><span style=\"font-weight: bold;\">Enerji tasarrufu<\/span><\/li>\n<li style=\"margin-bottom: 0px;\" data-sourcepos=\"45:1-45:22\"><span style=\"font-weight: bold;\">Yang\u0131n g\u00fcvenli\u011fi<\/span><\/li>\n<li style=\"margin-bottom: 0px;\" data-sourcepos=\"46:1-47:0\"><span style=\"font-weight: bold;\">Geni\u015f renk ve doku yelpazesi<\/span><\/li>\n<\/ul>","protected":false},"excerpt":{"rendered":"<p>Ipekta\u015f Yal\u0131t\u0131m Fibercement Levhalar\u0131, dayan\u0131kl\u0131l\u0131k ve esteti\u011fi bir araya getirerek yap\u0131 projelerinizde \u00e7\u0131\u011f\u0131r a\u00e7\u0131yor. Hafif yap\u0131s\u0131yla kolay montaj sa\u011flarken, y\u00fcksek diren\u00e7 \u00f6zelli\u011fiyle bina d\u0131\u015f cephelerini uzun y\u0131llar korur. Estetik \u00e7e\u015fitlili\u011fi, mimari esneklik ve \u00e7evre dostu malzeme yap\u0131s\u0131 ile g\u00fcvenilir bir tercih.<\/p>","protected":false},"featured_media":10978,"comment_status":"open","ping_status":"closed","template":"","meta":[],"product_cat":[38,39],"product_tag":[76,62,59,45,56,55,65,48,64,118,119,67,51,53,78,58,57,60,54,63,84,61],"class_list":{"0":"post-10975","1":"product","2":"type-product","3":"status-publish","4":"has-post-thumbnail","6":"product_cat-genel","7":"product_cat-yalitim-malzemeleri","8":"product_tag-dayanikli","9":"product_tag-dayaniklilik","10":"product_tag-depo","11":"product_tag-dis-cephe-kaplama","12":"product_tag-egitim-kurumu","13":"product_tag-endustriyel-tesis","14":"product_tag-enerji-tasarrufu","15":"product_tag-estetik","16":"product_tag-estetik-gorunum","17":"product_tag-fibercimento-levhalar","18":"product_tag-genis","19":"product_tag-genis-renk-yelpazesi","20":"product_tag-kolay-uygulama","21":"product_tag-konut","22":"product_tag-modern","23":"product_tag-otopark","24":"product_tag-saglik-kurulusu","25":"product_tag-spor-salonu","26":"product_tag-ticari-bina","27":"product_tag-uzun-omur","28":"product_tag-yangin-dayanikliligi","29":"product_tag-yuzme-havuzu","31":"first","32":"instock","33":"shipping-taxable","34":"product-type-simple"},"_links":{"self":[{"href":"https:\/\/ipektasyalitim.com\/en\/wp-json\/wp\/v2\/product\/10975","targetHints":{"allow":["GET"]}}],"collection":[{"href":"https:\/\/ipektasyalitim.com\/en\/wp-json\/wp\/v2\/product"}],"about":[{"href":"https:\/\/ipektasyalitim.com\/en\/wp-json\/wp\/v2\/types\/product"}],"replies":[{"embeddable":true,"href":"https:\/\/ipektasyalitim.com\/en\/wp-json\/wp\/v2\/comments?post=10975"}],"wp:featuredmedia":[{"embeddable":true,"href":"https:\/\/ipektasyalitim.com\/en\/wp-json\/wp\/v2\/media\/10978"}],"wp:attachment":[{"href":"https:\/\/ipektasyalitim.com\/en\/wp-json\/wp\/v2\/media?parent=10975"}],"wp:term":[{"taxonomy":"product_cat","embeddable":true,"href":"https:\/\/ipektasyalitim.com\/en\/wp-json\/wp\/v2\/product_cat?post=10975"},{"taxonomy":"product_tag","embeddable":true,"href":"https:\/\/ipektasyalitim.com\/en\/wp-json\/wp\/v2\/product_tag?post=10975"}],"curies":[{"name":"wp","href":"https:\/\/api.w.org\/{rel}","templated":true}]}}